{"id":5497,"date":"2020-10-21T08:35:42","date_gmt":"2020-10-21T05:35:42","guid":{"rendered":"https:\/\/spiritara.com\/preguntas-frecuentes\/"},"modified":"2026-03-04T02:59:26","modified_gmt":"2026-03-03T23:59:26","slug":"preguntas-frecuentes","status":"publish","type":"page","link":"https:\/\/spiritara.com\/es\/preguntas-frecuentes\/","title":{"rendered":"Preguntas frecuentes"},"content":{"rendered":"\t\t<div data-elementor-type=\"wp-page\" data-elementor-id=\"5497\" class=\"elementor elementor-5497 elementor-179\" data-elementor-post-type=\"page\">\n\t\t\t\t\t\t<section class=\"elementor-section elementor-top-section elementor-element elementor-element-51cc69c elementor-section-full_width elementor-section-height-default elementor-section-height-default\" data-id=\"51cc69c\" data-element_type=\"section\" data-e-type=\"section\">\n\t\t\t\t\t\t<div class=\"elementor-container elementor-column-gap-no\">\n\t\t\t\t\t<div class=\"elementor-column elementor-col-100 elementor-top-column elementor-element elementor-element-d3159a6\" data-id=\"d3159a6\" data-element_type=\"column\" data-e-type=\"column\">\n\t\t\t<div class=\"elementor-widget-wrap elementor-element-populated\">\n\t\t\t\t\t\t<div class=\"elementor-element elementor-element-d04350a elementor-widget elementor-widget-ideapark-page-header\" data-id=\"d04350a\" data-element_type=\"widget\" data-e-type=\"widget\" data-widget_type=\"ideapark-page-header.default\">\n\t\t\t\t<div class=\"elementor-widget-container\">\n\t\t\t\t\t\t<header\n\t\tclass=\"l-section c-page-header c-page-header--header-type-4 c-page-header--default\n c-page-header--low\"\n\t\t>\n\n\t\t\t\t\t<div class=\"c-page-header__wrap\">\n\t\t\t\t\t\t\t\t\t<h1 class=\"c-page-header__title\">Preguntas frecuentes<\/h1>\n\t\t\t\t\t\t\t<\/div>\n\t\t\t\t\t\t\t<div class=\"c-page-header__spacer\"><\/div>\n\t\t\t<\/header>\n\t\t\t\t<\/div>\n\t\t\t\t<\/div>\n\t\t\t\t\t<\/div>\n\t\t<\/div>\n\t\t\t\t\t<\/div>\n\t\t<\/section>\n\t\t\t\t<section class=\"elementor-section elementor-top-section elementor-element elementor-element-1617f7b elementor-section-boxed elementor-section-height-default elementor-section-height-default\" data-id=\"1617f7b\" data-element_type=\"section\" data-e-type=\"section\">\n\t\t\t\t\t\t<div class=\"elementor-container elementor-column-gap-no\">\n\t\t\t\t\t<div class=\"elementor-column elementor-col-100 elementor-top-column elementor-element elementor-element-bc288d3\" data-id=\"bc288d3\" data-element_type=\"column\" data-e-type=\"column\">\n\t\t\t<div class=\"elementor-widget-wrap elementor-element-populated\">\n\t\t\t\t\t\t<div class=\"elementor-element elementor-element-450377d elementor-widget elementor-widget-ideapark-accordion\" data-id=\"450377d\" data-element_type=\"widget\" data-e-type=\"widget\" data-widget_type=\"ideapark-accordion.default\">\n\t\t\t\t<div class=\"elementor-widget-container\">\n\t\t\t\t\t\t\t<div class=\"c-ip-accordion\">\n\t\t\t<div class=\"c-ip-accordion__wrap c-ip-accordion__wrap--layout-1\">\n\t\t\t\t<div class=\"c-ip-accordion__list c-ip-accordion__list--layout-1\">\n\t\t\t\t\t\t\t\t\t\t<div class=\"c-ip-accordion__item c-ip-accordion__item--layout-1\">\n\t\t\t\t\t\t<a class=\"c-ip-accordion__header c-ip-accordion__header--layout-1 js-accordion-title\" href=\"\" onclick=\"return false;\">\u00bfQu\u00e9 diferencia a los productos de Spiritara de otros productos para el cuidado de la piel?<i class=\"ip-right c-ip-accordion__arrow c-ip-accordion__arrow--layout-1\"><\/i><\/a>\t\t\t\t\t\t<div class=\"c-ip-accordion__content c-ip-accordion__content--layout-1\"><p data-path-to-node=\"3\">En <b data-path-to-node=\"3\" data-index-in-node=\"3\">Spiritara<\/b>, fabricamos nuestros productos utilizando ingredientes 100% naturales y org\u00e1nicos. Todos nuestros productos est\u00e1n elaborados a mano (Handcrafted) con precisi\u00f3n y cuidado, y est\u00e1n completamente libres de qu\u00edmicos sint\u00e9ticos, fragancias da\u00f1inas y conservantes agresivos. Esto garantiza un cuidado seguro y eficaz que devuelve a tu piel su brillo natural.<\/p><h3 data-path-to-node=\"4\">\u00a0<\/h3><\/div>\t\t\t\t\t<\/div>\n\t\t\t\t\t\t\t\t\t\t\t\t\t\t\t<div class=\"c-ip-accordion__item c-ip-accordion__item--layout-1\">\n\t\t\t\t\t\t<a class=\"c-ip-accordion__header c-ip-accordion__header--layout-1 js-accordion-title\" href=\"\" onclick=\"return false;\">\u00bfSus productos son adecuados para pieles sensibles?<i class=\"ip-right c-ip-accordion__arrow c-ip-accordion__arrow--layout-1\"><\/i><\/a>\t\t\t\t\t\t<div class=\"c-ip-accordion__content c-ip-accordion__content--layout-1\"><p data-start=\"735\" data-end=\"931\">S\u00ed, absolutamente. Nuestras f\u00f3rmulas est\u00e1n dise\u00f1adas para ser muy suaves con la piel y han sido probadas dermatol\u00f3gicamente. Utilizamos mantecas y aceites naturales puros, como la manteca de karit\u00e9, el aceite de coco y los hidrosoles bot\u00e1nicos, ingredientes conocidos por sus propiedades calmantes y nutritivas, lo que los hace ideales incluso para las pieles m\u00e1s sensibles.<\/p><\/div>\t\t\t\t\t<\/div>\n\t\t\t\t\t\t\t\t\t\t\t\t\t\t\t<div class=\"c-ip-accordion__item c-ip-accordion__item--layout-1\">\n\t\t\t\t\t\t<a class=\"c-ip-accordion__header c-ip-accordion__header--layout-1 js-accordion-title\" href=\"\" onclick=\"return false;\">\u00bfQu\u00e9 tipos de productos ofrecen en la tienda?<i class=\"ip-right c-ip-accordion__arrow c-ip-accordion__arrow--layout-1\"><\/i><\/a>\t\t\t\t\t\t<div class=\"c-ip-accordion__content c-ip-accordion__content--layout-1\"><p data-path-to-node=\"7\">Ofrecemos una gama completa de productos esenciales para el cuidado de la piel y el cuerpo, que incluyen:<\/p><ul data-path-to-node=\"8\"><li><p data-path-to-node=\"8,0,0\"><b data-path-to-node=\"8,0,0\" data-index-in-node=\"0\">Cremas y Mantecas:<\/b> como la manteca de mango y la manteca de cacao.<\/p><\/li><li><p data-path-to-node=\"8,1,0\"><b data-path-to-node=\"8,1,0\" data-index-in-node=\"0\">Aceites Portadores y Esenciales:<\/b> como el aceite de aguacate y el aceite de semilla de ch\u00eda.<\/p><\/li><li><p data-path-to-node=\"8,2,0\"><b data-path-to-node=\"8,2,0\" data-index-in-node=\"0\">Hidrosoles (aguas florales):<\/b> como el hidrosol de incienso, salvia y lavanda.<\/p><\/li><li><p data-path-to-node=\"8,3,0\"><b data-path-to-node=\"8,3,0\" data-index-in-node=\"0\">Cuidado de Labios:<\/b> b\u00e1lsamos labiales naturales (Lip Balm).<\/p><\/li><\/ul><\/div>\t\t\t\t\t<\/div>\n\t\t\t\t\t\t\t\t\t\t\t\t\t\t\t<div class=\"c-ip-accordion__item c-ip-accordion__item--layout-1\">\n\t\t\t\t\t\t<a class=\"c-ip-accordion__header c-ip-accordion__header--layout-1 js-accordion-title\" href=\"\" onclick=\"return false;\">\u00bfCu\u00e1l es la diferencia entre un &quot;Hidrosol&quot; (Hydrosol) y los aceites esenciales tradicionales?<i class=\"ip-right c-ip-accordion__arrow c-ip-accordion__arrow--layout-1\"><\/i><\/a>\t\t\t\t\t\t<div class=\"c-ip-accordion__content c-ip-accordion__content--layout-1\"><p data-start=\"1260\" data-end=\"1426\">Los hidrosoles son aguas bot\u00e1nicas puras que se producen durante el proceso de destilaci\u00f3n de las plantas. Contienen las propiedades terap\u00e9uticas de la planta pero en una concentraci\u00f3n m\u00e1s ligera y suave para la piel. A diferencia de los aceites esenciales concentrados, un hidrosol (como el de lavanda o salvia) se puede rociar directamente sobre el rostro como un t\u00f3nico refrescante y purificante sin necesidad de diluirlo.<\/p><\/div>\t\t\t\t\t<\/div>\n\t\t\t\t\t\t\t\t\t\t\t\t\t\t\t<div class=\"c-ip-accordion__item c-ip-accordion__item--layout-1\">\n\t\t\t\t\t\t<a class=\"c-ip-accordion__header c-ip-accordion__header--layout-1 js-accordion-title\" href=\"\" onclick=\"return false;\">\u00bfC\u00f3mo elijo el aceite portador (Carrier Oil) adecuado para mi tipo de piel?<i class=\"ip-right c-ip-accordion__arrow c-ip-accordion__arrow--layout-1\"><\/i><\/a>\t\t\t\t\t\t<div class=\"c-ip-accordion__content c-ip-accordion__content--layout-1\"><p data-start=\"1488\" data-end=\"1689\">Los aceites portadores var\u00edan en textura y beneficios; por ejemplo, el <b data-path-to-node=\"12\" data-index-in-node=\"71\">aceite de aguacate<\/b> es ideal para pieles secas que necesitan una hidrataci\u00f3n profunda, mientras que el <b data-path-to-node=\"12\" data-index-in-node=\"173\">aceite de semilla de ch\u00eda<\/b> es excelente para mejorar la elasticidad de la piel y combatir los signos del envejecimiento. Por otro lado, el <b data-path-to-node=\"12\" data-index-in-node=\"311\">aceite de coco<\/b> es una opci\u00f3n fant\u00e1stica para la hidrataci\u00f3n general del cuerpo y el cabello.<\/p><\/div>\t\t\t\t\t<\/div>\n\t\t\t\t\t\t\t\t\t\t\t\t\t\t\t<div class=\"c-ip-accordion__item c-ip-accordion__item--layout-1\">\n\t\t\t\t\t\t<a class=\"c-ip-accordion__header c-ip-accordion__header--layout-1 js-accordion-title\" href=\"\" onclick=\"return false;\">\u00bfSe pueden usar las mantecas corporales (Butters) como hidratante facial diario?<i class=\"ip-right c-ip-accordion__arrow c-ip-accordion__arrow--layout-1\"><\/i><\/a>\t\t\t\t\t\t<div class=\"c-ip-accordion__content c-ip-accordion__content--layout-1\"><p data-start=\"1748\" data-end=\"1946\">Nuestras mantecas (como la de mango, cacao y karit\u00e9) son muy ricas y nutritivas, ideales para hidratar el cuerpo y las zonas extremadamente secas. Para el rostro, recomendamos su uso en caso de piel muy seca o como un tratamiento nocturno intensivo. Para un cuidado facial diario ligero, sugerimos combinarlas con nuestros hidrosoles para lograr un equilibrio perfecto entre hidrataci\u00f3n y absorci\u00f3n.<\/p><\/div>\t\t\t\t\t<\/div>\n\t\t\t\t\t\t\t\t\t\t\t\t\t\t<\/div>\n\t\t\t<\/div>\n\t\t<\/div>\n\t\t\t\t\t\t<\/div>\n\t\t\t\t<\/div>\n\t\t\t\t\t<\/div>\n\t\t<\/div>\n\t\t\t\t\t<\/div>\n\t\t<\/section>\n\t\t\t\t<\/div>\n\t\t","protected":false},"excerpt":{"rendered":"<p>Preguntas frecuentes \u00bfQu\u00e9 diferencia a los productos de Spiritara de otros productos para el cuidado de la piel? En Spiritara, fabricamos nuestros&hellip;<\/p>\n","protected":false},"author":1,"featured_media":0,"parent":0,"menu_order":0,"comment_status":"closed","ping_status":"closed","template":"elementor_header_footer","meta":{"footnotes":""},"class_list":["post-5497","page","type-page","status-publish","hentry"],"_links":{"self":[{"href":"https:\/\/spiritara.com\/es\/wp-json\/wp\/v2\/pages\/5497","targetHints":{"allow":["GET"]}}],"collection":[{"href":"https:\/\/spiritara.com\/es\/wp-json\/wp\/v2\/pages"}],"about":[{"href":"https:\/\/spiritara.com\/es\/wp-json\/wp\/v2\/types\/page"}],"author":[{"embeddable":true,"href":"https:\/\/spiritara.com\/es\/wp-json\/wp\/v2\/users\/1"}],"replies":[{"embeddable":true,"href":"https:\/\/spiritara.com\/es\/wp-json\/wp\/v2\/comments?post=5497"}],"version-history":[{"count":3,"href":"https:\/\/spiritara.com\/es\/wp-json\/wp\/v2\/pages\/5497\/revisions"}],"predecessor-version":[{"id":6940,"href":"https:\/\/spiritara.com\/es\/wp-json\/wp\/v2\/pages\/5497\/revisions\/6940"}],"wp:attachment":[{"href":"https:\/\/spiritara.com\/es\/wp-json\/wp\/v2\/media?parent=5497"}],"curies":[{"name":"wp","href":"https:\/\/api.w.org\/{rel}","templated":true}]}}