{"id":5596,"date":"2025-10-08T03:24:37","date_gmt":"2025-10-08T00:24:37","guid":{"rendered":"https:\/\/spiritara.com\/shop\/aceite-de-semilla-de-chia\/"},"modified":"2025-12-30T21:08:16","modified_gmt":"2025-12-30T18:08:16","slug":"aceite-de-semilla-de-chia","status":"publish","type":"product","link":"https:\/\/spiritara.com\/es\/shop\/aceite-de-semilla-de-chia\/","title":{"rendered":"Aceite de semilla de ch\u00eda"},"content":{"rendered":"<p><b>Un potente hidratante cargado de omega-3 para una piel tersa y radiante.<\/b><\/p>\n<ul>\n<li><b>100% natural, 100 ml<\/b><\/li>\n<\/ul>\n","protected":false},"excerpt":{"rendered":"<p><b>Beneficios:<\/b><\/p>\n<ul>\n<li>Se absorbe r\u00e1pidamente para brindar una hidrataci\u00f3n intensa sin dejar sensaci\u00f3n grasosa.<\/li>\n<li><b>Fortalece la barrera cut\u00e1nea para reducir el enrojecimiento y la sensibilidad.<\/b><\/li>\n<li>Rico en antioxidantes para proteger contra los radicales libres y el envejecimiento.<\/li>\n<li>Ayuda a equilibrar la piel grasa regulando la producci\u00f3n de sebo.<\/li>\n<\/ul>\n","protected":false},"featured_media":5597,"comment_status":"open","ping_status":"closed","template":"","meta":[],"product_cat":[197],"product_tag":[],"class_list":{"0":"post-5596","1":"product","2":"type-product","3":"status-publish","4":"has-post-thumbnail","6":"product_cat-aceites-portadores","7":"pa_capacity-100-ml","9":"first","10":"instock","11":"shipping-taxable","12":"purchasable","13":"product-type-variable"},"_links":{"self":[{"href":"https:\/\/spiritara.com\/es\/wp-json\/wp\/v2\/product\/5596","targetHints":{"allow":["GET"]}}],"collection":[{"href":"https:\/\/spiritara.com\/es\/wp-json\/wp\/v2\/product"}],"about":[{"href":"https:\/\/spiritara.com\/es\/wp-json\/wp\/v2\/types\/product"}],"replies":[{"embeddable":true,"href":"https:\/\/spiritara.com\/es\/wp-json\/wp\/v2\/comments?post=5596"}],"version-history":[{"count":0,"href":"https:\/\/spiritara.com\/es\/wp-json\/wp\/v2\/product\/5596\/revisions"}],"wp:featuredmedia":[{"embeddable":true,"href":"https:\/\/spiritara.com\/es\/wp-json\/wp\/v2\/media\/5597"}],"wp:attachment":[{"href":"https:\/\/spiritara.com\/es\/wp-json\/wp\/v2\/media?parent=5596"}],"wp:term":[{"taxonomy":"product_cat","embeddable":true,"href":"https:\/\/spiritara.com\/es\/wp-json\/wp\/v2\/product_cat?post=5596"},{"taxonomy":"product_tag","embeddable":true,"href":"https:\/\/spiritara.com\/es\/wp-json\/wp\/v2\/product_tag?post=5596"}],"curies":[{"name":"wp","href":"https:\/\/api.w.org\/{rel}","templated":true}]}}