{"id":5656,"date":"2025-10-08T03:07:34","date_gmt":"2025-10-08T00:07:34","guid":{"rendered":"https:\/\/spiritara.com\/shop\/aceite-de-semilla-de-berro-de-jardin\/"},"modified":"2025-12-31T20:45:26","modified_gmt":"2025-12-31T17:45:26","slug":"aceite-de-semilla-de-berro-de-jardin","status":"publish","type":"product","link":"https:\/\/spiritara.com\/es\/shop\/aceite-de-semilla-de-berro-de-jardin\/","title":{"rendered":"Aceite de semilla de berro de jard\u00edn"},"content":{"rendered":"<p><b>Un aceite raro con notables propiedades renovadoras de la piel.<\/b><\/p>\n<ul>\n<li><b>100% natural<\/b><\/li>\n<li><b>100 ml<\/b><\/li>\n<\/ul>\n","protected":false},"excerpt":{"rendered":"<p><b>Beneficios:<\/b><\/p>\n<ul>\n<li>Estimula el col\u00e1geno para una piel m\u00e1s firme y tersa.<\/li>\n<li>Rico en \u00e1cido alfa-linol\u00e9nico para calmar la irritaci\u00f3n.<\/li>\n<li>Mejora la elasticidad y reduce las l\u00edneas finas.<\/li>\n<li>Proporciona protecci\u00f3n antioxidante.<\/li>\n<\/ul>\n","protected":false},"featured_media":5657,"comment_status":"open","ping_status":"closed","template":"","meta":[],"product_cat":[197],"product_tag":[],"class_list":{"0":"post-5656","1":"product","2":"type-product","3":"status-publish","4":"has-post-thumbnail","6":"product_cat-aceites-portadores","7":"pa_capacity-100-ml","9":"first","10":"instock","11":"shipping-taxable","12":"purchasable","13":"product-type-variable"},"_links":{"self":[{"href":"https:\/\/spiritara.com\/es\/wp-json\/wp\/v2\/product\/5656","targetHints":{"allow":["GET"]}}],"collection":[{"href":"https:\/\/spiritara.com\/es\/wp-json\/wp\/v2\/product"}],"about":[{"href":"https:\/\/spiritara.com\/es\/wp-json\/wp\/v2\/types\/product"}],"replies":[{"embeddable":true,"href":"https:\/\/spiritara.com\/es\/wp-json\/wp\/v2\/comments?post=5656"}],"version-history":[{"count":0,"href":"https:\/\/spiritara.com\/es\/wp-json\/wp\/v2\/product\/5656\/revisions"}],"wp:featuredmedia":[{"embeddable":true,"href":"https:\/\/spiritara.com\/es\/wp-json\/wp\/v2\/media\/5657"}],"wp:attachment":[{"href":"https:\/\/spiritara.com\/es\/wp-json\/wp\/v2\/media?parent=5656"}],"wp:term":[{"taxonomy":"product_cat","embeddable":true,"href":"https:\/\/spiritara.com\/es\/wp-json\/wp\/v2\/product_cat?post=5656"},{"taxonomy":"product_tag","embeddable":true,"href":"https:\/\/spiritara.com\/es\/wp-json\/wp\/v2\/product_tag?post=5656"}],"curies":[{"name":"wp","href":"https:\/\/api.w.org\/{rel}","templated":true}]}}