{"id":5658,"date":"2025-10-08T03:06:37","date_gmt":"2025-10-08T00:06:37","guid":{"rendered":"https:\/\/spiritara.com\/shop\/aceite-de-semilla-de-girasol\/"},"modified":"2025-12-31T20:48:34","modified_gmt":"2025-12-31T17:48:34","slug":"aceite-de-semilla-de-girasol","status":"publish","type":"product","link":"https:\/\/spiritara.com\/es\/shop\/aceite-de-semilla-de-girasol\/","title":{"rendered":"Aceite de semilla de girasol"},"content":{"rendered":"<p><b>Un aceite ligero y vers\u00e1til, perfecto para la nutrici\u00f3n diaria de la piel.<\/b><\/p>\n<ul>\n<li><b>100% natural<\/b><\/li>\n<li><b>100 ml<\/b><\/li>\n<\/ul>\n","protected":false},"excerpt":{"rendered":"<p><b>Beneficios:<\/b><\/p>\n<ul>\n<li>Alto contenido en \u00e1cido linoleico para fortalecer la barrera de hidrataci\u00f3n de la piel.<\/li>\n<li>Calma la inflamaci\u00f3n y alivia las afecciones de la piel sensible.<\/li>\n<li><b>F\u00f3rmula no comedog\u00e9nica ideal para pieles con tendencia al acn\u00e9.<\/b><\/li>\n<li>Protege contra los da\u00f1os ambientales con vitamina E antioxidante.<\/li>\n<\/ul>\n","protected":false},"featured_media":5659,"comment_status":"open","ping_status":"closed","template":"","meta":[],"product_cat":[197],"product_tag":[],"class_list":{"0":"post-5658","1":"product","2":"type-product","3":"status-publish","4":"has-post-thumbnail","6":"product_cat-aceites-portadores","7":"pa_capacity-100-ml","9":"first","10":"instock","11":"shipping-taxable","12":"purchasable","13":"product-type-variable"},"_links":{"self":[{"href":"https:\/\/spiritara.com\/es\/wp-json\/wp\/v2\/product\/5658","targetHints":{"allow":["GET"]}}],"collection":[{"href":"https:\/\/spiritara.com\/es\/wp-json\/wp\/v2\/product"}],"about":[{"href":"https:\/\/spiritara.com\/es\/wp-json\/wp\/v2\/types\/product"}],"replies":[{"embeddable":true,"href":"https:\/\/spiritara.com\/es\/wp-json\/wp\/v2\/comments?post=5658"}],"version-history":[{"count":0,"href":"https:\/\/spiritara.com\/es\/wp-json\/wp\/v2\/product\/5658\/revisions"}],"wp:featuredmedia":[{"embeddable":true,"href":"https:\/\/spiritara.com\/es\/wp-json\/wp\/v2\/media\/5659"}],"wp:attachment":[{"href":"https:\/\/spiritara.com\/es\/wp-json\/wp\/v2\/media?parent=5658"}],"wp:term":[{"taxonomy":"product_cat","embeddable":true,"href":"https:\/\/spiritara.com\/es\/wp-json\/wp\/v2\/product_cat?post=5658"},{"taxonomy":"product_tag","embeddable":true,"href":"https:\/\/spiritara.com\/es\/wp-json\/wp\/v2\/product_tag?post=5658"}],"curies":[{"name":"wp","href":"https:\/\/api.w.org\/{rel}","templated":true}]}}