{"id":5692,"date":"2025-10-08T02:50:28","date_gmt":"2025-10-07T23:50:28","guid":{"rendered":"https:\/\/spiritara.com\/shop\/aceite-de-jojoba\/"},"modified":"2025-12-31T21:17:44","modified_gmt":"2025-12-31T18:17:44","slug":"aceite-de-jojoba","status":"publish","type":"product","link":"https:\/\/spiritara.com\/es\/shop\/aceite-de-jojoba\/","title":{"rendered":"Aceite de jojoba"},"content":{"rendered":"<p><b>La sustancia bot\u00e1nica m\u00e1s parecida al sebo natural de la piel para una nutrici\u00f3n equilibrada.<\/b><\/p>\n<ul>\n<li><b>100% natural<\/b><\/li>\n<li><b>100 ml<\/b><\/li>\n<\/ul>\n","protected":false},"excerpt":{"rendered":"<p><b>Beneficios:<\/b><\/p>\n<ul>\n<li>Regule la producci\u00f3n de grasa tanto para pieles secas como grasas.<\/li>\n<li>Imita los l\u00edpidos de la piel para fortalecer la barrera de hidrataci\u00f3n.<\/li>\n<li><b>No comedog\u00e9nico e ideal para pieles con tendencia al acn\u00e9.<\/b><\/li>\n<li>Calma la inflamaci\u00f3n y reduce el enrojecimiento.<\/li>\n<\/ul>\n","protected":false},"featured_media":5693,"comment_status":"open","ping_status":"closed","template":"","meta":[],"product_cat":[197],"product_tag":[],"class_list":{"0":"post-5692","1":"product","2":"type-product","3":"status-publish","4":"has-post-thumbnail","6":"product_cat-aceites-portadores","7":"pa_capacity-100-ml","9":"first","10":"instock","11":"shipping-taxable","12":"purchasable","13":"product-type-variable"},"_links":{"self":[{"href":"https:\/\/spiritara.com\/es\/wp-json\/wp\/v2\/product\/5692","targetHints":{"allow":["GET"]}}],"collection":[{"href":"https:\/\/spiritara.com\/es\/wp-json\/wp\/v2\/product"}],"about":[{"href":"https:\/\/spiritara.com\/es\/wp-json\/wp\/v2\/types\/product"}],"replies":[{"embeddable":true,"href":"https:\/\/spiritara.com\/es\/wp-json\/wp\/v2\/comments?post=5692"}],"version-history":[{"count":0,"href":"https:\/\/spiritara.com\/es\/wp-json\/wp\/v2\/product\/5692\/revisions"}],"wp:featuredmedia":[{"embeddable":true,"href":"https:\/\/spiritara.com\/es\/wp-json\/wp\/v2\/media\/5693"}],"wp:attachment":[{"href":"https:\/\/spiritara.com\/es\/wp-json\/wp\/v2\/media?parent=5692"}],"wp:term":[{"taxonomy":"product_cat","embeddable":true,"href":"https:\/\/spiritara.com\/es\/wp-json\/wp\/v2\/product_cat?post=5692"},{"taxonomy":"product_tag","embeddable":true,"href":"https:\/\/spiritara.com\/es\/wp-json\/wp\/v2\/product_tag?post=5692"}],"curies":[{"name":"wp","href":"https:\/\/api.w.org\/{rel}","templated":true}]}}