{"id":5697,"date":"2025-10-08T02:47:11","date_gmt":"2025-10-07T23:47:11","guid":{"rendered":"https:\/\/spiritara.com\/shop\/aceite-de-ricino\/"},"modified":"2025-12-31T21:26:35","modified_gmt":"2025-12-31T18:26:35","slug":"aceite-de-ricino","status":"publish","type":"product","link":"https:\/\/spiritara.com\/es\/shop\/aceite-de-ricino\/","title":{"rendered":"Aceite de ricino"},"content":{"rendered":"<p><b>Un aceite denso y reparador conocido por sus efectos purificadores y estimulantes del crecimiento.<\/b><\/p>\n<ul>\n<li><b>100% natural<\/b><\/li>\n<li><b>100 ml<\/b><\/li>\n<\/ul>\n","protected":false},"excerpt":{"rendered":"<p><b>Beneficios:<\/b><\/p>\n<ul>\n<li>Extrae las impurezas para desobstruir los poros y reducir el acn\u00e9.<\/li>\n<li>Estimula la circulaci\u00f3n para una piel m\u00e1s sana y rejuvenecida.<\/li>\n<li>Su aplicaci\u00f3n regular favorece un cabello y unas pesta\u00f1as m\u00e1s gruesas y fuertes.<\/li>\n<li>Hidrata en profundidad las zonas secas, los callos y la piel agrietada.<\/li>\n<\/ul>\n","protected":false},"featured_media":5698,"comment_status":"open","ping_status":"closed","template":"","meta":[],"product_cat":[197],"product_tag":[],"class_list":{"0":"post-5697","1":"product","2":"type-product","3":"status-publish","4":"has-post-thumbnail","6":"product_cat-aceites-portadores","7":"pa_capacity-100-ml","9":"first","10":"instock","11":"shipping-taxable","12":"purchasable","13":"product-type-variable"},"_links":{"self":[{"href":"https:\/\/spiritara.com\/es\/wp-json\/wp\/v2\/product\/5697","targetHints":{"allow":["GET"]}}],"collection":[{"href":"https:\/\/spiritara.com\/es\/wp-json\/wp\/v2\/product"}],"about":[{"href":"https:\/\/spiritara.com\/es\/wp-json\/wp\/v2\/types\/product"}],"replies":[{"embeddable":true,"href":"https:\/\/spiritara.com\/es\/wp-json\/wp\/v2\/comments?post=5697"}],"version-history":[{"count":0,"href":"https:\/\/spiritara.com\/es\/wp-json\/wp\/v2\/product\/5697\/revisions"}],"wp:featuredmedia":[{"embeddable":true,"href":"https:\/\/spiritara.com\/es\/wp-json\/wp\/v2\/media\/5698"}],"wp:attachment":[{"href":"https:\/\/spiritara.com\/es\/wp-json\/wp\/v2\/media?parent=5697"}],"wp:term":[{"taxonomy":"product_cat","embeddable":true,"href":"https:\/\/spiritara.com\/es\/wp-json\/wp\/v2\/product_cat?post=5697"},{"taxonomy":"product_tag","embeddable":true,"href":"https:\/\/spiritara.com\/es\/wp-json\/wp\/v2\/product_tag?post=5697"}],"curies":[{"name":"wp","href":"https:\/\/api.w.org\/{rel}","templated":true}]}}