{"id":5702,"date":"2025-10-08T02:43:41","date_gmt":"2025-10-07T23:43:41","guid":{"rendered":"https:\/\/spiritara.com\/shop\/aceite-de-anacardo\/"},"modified":"2025-12-31T21:32:59","modified_gmt":"2025-12-31T18:32:59","slug":"aceite-de-anacardo","status":"publish","type":"product","link":"https:\/\/spiritara.com\/es\/shop\/aceite-de-anacardo\/","title":{"rendered":"Aceite de anacardo"},"content":{"rendered":"<p><b>Un aceite ligero de r\u00e1pida absorci\u00f3n, repleto de vitaminas y \u00e1cidos grasos beneficiosos para la piel.<\/b><\/p>\n<ul>\n<li><b>100% natural<\/b><\/li>\n<li><b>100 ml<\/b><\/li>\n<\/ul>\n","protected":false},"excerpt":{"rendered":"<p><b>Beneficios:<\/b><\/p>\n<ul>\n<li>Nutre en profundidad sin obstruir los poros, ideal para pieles secas o sensibles.<\/li>\n<li>Ayuda a mejorar la elasticidad para una apariencia m\u00e1s firme y juvenil.<\/li>\n<li>Calma la irritaci\u00f3n y favorece una textura suave y tersa.<\/li>\n<li>Contiene zinc para favorecer la cicatrizaci\u00f3n de la piel y reducir la inflamaci\u00f3n.<\/li>\n<\/ul>\n","protected":false},"featured_media":5703,"comment_status":"open","ping_status":"closed","template":"","meta":[],"product_cat":[197],"product_tag":[],"class_list":{"0":"post-5702","1":"product","2":"type-product","3":"status-publish","4":"has-post-thumbnail","6":"product_cat-aceites-portadores","7":"pa_capacity-100-ml","9":"first","10":"instock","11":"shipping-taxable","12":"purchasable","13":"product-type-variable"},"_links":{"self":[{"href":"https:\/\/spiritara.com\/es\/wp-json\/wp\/v2\/product\/5702","targetHints":{"allow":["GET"]}}],"collection":[{"href":"https:\/\/spiritara.com\/es\/wp-json\/wp\/v2\/product"}],"about":[{"href":"https:\/\/spiritara.com\/es\/wp-json\/wp\/v2\/types\/product"}],"replies":[{"embeddable":true,"href":"https:\/\/spiritara.com\/es\/wp-json\/wp\/v2\/comments?post=5702"}],"version-history":[{"count":0,"href":"https:\/\/spiritara.com\/es\/wp-json\/wp\/v2\/product\/5702\/revisions"}],"wp:featuredmedia":[{"embeddable":true,"href":"https:\/\/spiritara.com\/es\/wp-json\/wp\/v2\/media\/5703"}],"wp:attachment":[{"href":"https:\/\/spiritara.com\/es\/wp-json\/wp\/v2\/media?parent=5702"}],"wp:term":[{"taxonomy":"product_cat","embeddable":true,"href":"https:\/\/spiritara.com\/es\/wp-json\/wp\/v2\/product_cat?post=5702"},{"taxonomy":"product_tag","embeddable":true,"href":"https:\/\/spiritara.com\/es\/wp-json\/wp\/v2\/product_tag?post=5702"}],"curies":[{"name":"wp","href":"https:\/\/api.w.org\/{rel}","templated":true}]}}