{"id":5710,"date":"2025-10-08T02:39:14","date_gmt":"2025-10-07T23:39:14","guid":{"rendered":"https:\/\/spiritara.com\/shop\/aceite-esencial-de-lavanda\/"},"modified":"2025-12-31T21:39:20","modified_gmt":"2025-12-31T18:39:20","slug":"aceite-esencial-de-lavanda","status":"publish","type":"product","link":"https:\/\/spiritara.com\/es\/shop\/aceite-esencial-de-lavanda\/","title":{"rendered":"Aceite esencial de lavanda"},"content":{"rendered":"<p><b>Un aceite calmante y vers\u00e1til, conocido por su aroma relajante y sus propiedades curativas para la piel.<\/b><\/p>\n<ul>\n<li><b>100% natural<\/b><\/li>\n<li><b>15 ml<\/b><\/li>\n<\/ul>\n","protected":false},"excerpt":{"rendered":"<p><b>Beneficios:<\/b><\/p>\n<ul>\n<li>Calma la irritaci\u00f3n y reduce el enrojecimiento en pieles sensibles o inflamadas.<\/li>\n<li>Equilibra la producci\u00f3n de grasa para prevenir los brotes de acn\u00e9 sin resecar demasiado la piel.<\/li>\n<li>Favorece la cicatrizaci\u00f3n m\u00e1s r\u00e1pida de cicatrices, manchas e quemaduras leves.<\/li>\n<li>Hidrata en profundidad a la vez que mantiene la piel suave y flexible.<\/li>\n<\/ul>\n","protected":false},"featured_media":5711,"comment_status":"open","ping_status":"closed","template":"","meta":[],"product_cat":[199],"product_tag":[],"class_list":{"0":"post-5710","1":"product","2":"type-product","3":"status-publish","4":"has-post-thumbnail","6":"product_cat-aceites-esenciales","7":"pa_capacity-15-ml","9":"first","10":"instock","11":"shipping-taxable","12":"purchasable","13":"product-type-variable"},"_links":{"self":[{"href":"https:\/\/spiritara.com\/es\/wp-json\/wp\/v2\/product\/5710","targetHints":{"allow":["GET"]}}],"collection":[{"href":"https:\/\/spiritara.com\/es\/wp-json\/wp\/v2\/product"}],"about":[{"href":"https:\/\/spiritara.com\/es\/wp-json\/wp\/v2\/types\/product"}],"replies":[{"embeddable":true,"href":"https:\/\/spiritara.com\/es\/wp-json\/wp\/v2\/comments?post=5710"}],"version-history":[{"count":0,"href":"https:\/\/spiritara.com\/es\/wp-json\/wp\/v2\/product\/5710\/revisions"}],"wp:featuredmedia":[{"embeddable":true,"href":"https:\/\/spiritara.com\/es\/wp-json\/wp\/v2\/media\/5711"}],"wp:attachment":[{"href":"https:\/\/spiritara.com\/es\/wp-json\/wp\/v2\/media?parent=5710"}],"wp:term":[{"taxonomy":"product_cat","embeddable":true,"href":"https:\/\/spiritara.com\/es\/wp-json\/wp\/v2\/product_cat?post=5710"},{"taxonomy":"product_tag","embeddable":true,"href":"https:\/\/spiritara.com\/es\/wp-json\/wp\/v2\/product_tag?post=5710"}],"curies":[{"name":"wp","href":"https:\/\/api.w.org\/{rel}","templated":true}]}}