{"id":5712,"date":"2025-10-08T02:36:23","date_gmt":"2025-10-07T23:36:23","guid":{"rendered":"https:\/\/spiritara.com\/shop\/crema-para-el-cabello\/"},"modified":"2026-02-02T18:59:21","modified_gmt":"2026-02-02T15:59:21","slug":"crema-para-el-cabello","status":"publish","type":"product","link":"https:\/\/spiritara.com\/es\/shop\/crema-para-el-cabello\/","title":{"rendered":"Crema para el cabello"},"content":{"rendered":"<p>Transforma el cabello seco y da\u00f1ado en un cabello profundamente nutrido y suave como la seda. Fortalece desde la ra\u00edz hasta las puntas para reducir la rotura y aumentar la elasticidad. Promueve una hidrataci\u00f3n duradera y un brillo saludable que irradia un cabello radiante.<\/p>\n<ul>\n<li><b>100% natural<\/b><\/li>\n<li><b>50 ml<\/b><\/li>\n<\/ul>\n","protected":false},"excerpt":{"rendered":"<p><b>Ingredientes:<\/b><\/p>\n<ul>\n<li>Aceites portadores: Almendras, ricino, coco, macadamia, moringa, jojoba, rosa mosqueta.<\/li>\n<li>Mantecas: Cacao, Mango, Karit\u00e9<\/li>\n<\/ul>\n","protected":false},"featured_media":5715,"comment_status":"open","ping_status":"closed","template":"","meta":[],"product_cat":[203],"product_tag":[],"class_list":{"0":"post-5712","1":"product","2":"type-product","3":"status-publish","4":"has-post-thumbnail","6":"product_cat-cremas","7":"pa_capacity-100-ml","8":"pa_capacity-50-ml","10":"first","11":"instock","12":"shipping-taxable","13":"purchasable","14":"product-type-variable"},"_links":{"self":[{"href":"https:\/\/spiritara.com\/es\/wp-json\/wp\/v2\/product\/5712","targetHints":{"allow":["GET"]}}],"collection":[{"href":"https:\/\/spiritara.com\/es\/wp-json\/wp\/v2\/product"}],"about":[{"href":"https:\/\/spiritara.com\/es\/wp-json\/wp\/v2\/types\/product"}],"replies":[{"embeddable":true,"href":"https:\/\/spiritara.com\/es\/wp-json\/wp\/v2\/comments?post=5712"}],"version-history":[{"count":1,"href":"https:\/\/spiritara.com\/es\/wp-json\/wp\/v2\/product\/5712\/revisions"}],"predecessor-version":[{"id":6383,"href":"https:\/\/spiritara.com\/es\/wp-json\/wp\/v2\/product\/5712\/revisions\/6383"}],"wp:featuredmedia":[{"embeddable":true,"href":"https:\/\/spiritara.com\/es\/wp-json\/wp\/v2\/media\/5715"}],"wp:attachment":[{"href":"https:\/\/spiritara.com\/es\/wp-json\/wp\/v2\/media?parent=5712"}],"wp:term":[{"taxonomy":"product_cat","embeddable":true,"href":"https:\/\/spiritara.com\/es\/wp-json\/wp\/v2\/product_cat?post=5712"},{"taxonomy":"product_tag","embeddable":true,"href":"https:\/\/spiritara.com\/es\/wp-json\/wp\/v2\/product_tag?post=5712"}],"curies":[{"name":"wp","href":"https:\/\/api.w.org\/{rel}","templated":true}]}}