{"id":5719,"date":"2025-10-08T02:28:38","date_gmt":"2025-10-07T23:28:38","guid":{"rendered":"https:\/\/spiritara.com\/shop\/cipres\/"},"modified":"2026-02-02T19:23:48","modified_gmt":"2026-02-02T16:23:48","slug":"cipres","status":"publish","type":"product","link":"https:\/\/spiritara.com\/es\/shop\/cipres\/","title":{"rendered":"Cipr\u00e9s"},"content":{"rendered":"<p>Libera una oleada de hidrataci\u00f3n profunda que elimina la sequedad, dejando la piel irresistiblemente suave. El aceite esencial de cipr\u00e9s revitaliza la piel cansada, proporcionando una sensaci\u00f3n de firmeza y tersura. Una fuente inagotable de nutrientes que transforma la textura y la elasticidad de tu piel.<\/p>\n<ul>\n<li><b>100% natural<\/b><\/li>\n<li><b>50 ml<\/b><\/li>\n<\/ul>\n","protected":false},"excerpt":{"rendered":"<p><b>Ingredientes:<\/b><\/p>\n<ul>\n<li><b>Cipr\u00e9s<\/b><\/li>\n<li>Aceites portadores: Almendra, albaricoque, semilla negra, ricino, coco, macadamia, moringa, s\u00e9samo.<\/li>\n<li>Mantecas: Cacao, Mango, Karit\u00e9<\/li>\n<\/ul>\n","protected":false},"featured_media":5720,"comment_status":"open","ping_status":"closed","template":"","meta":[],"product_cat":[203],"product_tag":[],"class_list":{"0":"post-5719","1":"product","2":"type-product","3":"status-publish","4":"has-post-thumbnail","6":"product_cat-cremas","7":"pa_capacity-30-ml","8":"pa_capacity-50-ml","10":"first","11":"instock","12":"shipping-taxable","13":"purchasable","14":"product-type-variable"},"_links":{"self":[{"href":"https:\/\/spiritara.com\/es\/wp-json\/wp\/v2\/product\/5719","targetHints":{"allow":["GET"]}}],"collection":[{"href":"https:\/\/spiritara.com\/es\/wp-json\/wp\/v2\/product"}],"about":[{"href":"https:\/\/spiritara.com\/es\/wp-json\/wp\/v2\/types\/product"}],"replies":[{"embeddable":true,"href":"https:\/\/spiritara.com\/es\/wp-json\/wp\/v2\/comments?post=5719"}],"version-history":[{"count":1,"href":"https:\/\/spiritara.com\/es\/wp-json\/wp\/v2\/product\/5719\/revisions"}],"predecessor-version":[{"id":6415,"href":"https:\/\/spiritara.com\/es\/wp-json\/wp\/v2\/product\/5719\/revisions\/6415"}],"wp:featuredmedia":[{"embeddable":true,"href":"https:\/\/spiritara.com\/es\/wp-json\/wp\/v2\/media\/5720"}],"wp:attachment":[{"href":"https:\/\/spiritara.com\/es\/wp-json\/wp\/v2\/media?parent=5719"}],"wp:term":[{"taxonomy":"product_cat","embeddable":true,"href":"https:\/\/spiritara.com\/es\/wp-json\/wp\/v2\/product_cat?post=5719"},{"taxonomy":"product_tag","embeddable":true,"href":"https:\/\/spiritara.com\/es\/wp-json\/wp\/v2\/product_tag?post=5719"}],"curies":[{"name":"wp","href":"https:\/\/api.w.org\/{rel}","templated":true}]}}