{"id":5722,"date":"2025-10-08T02:26:14","date_gmt":"2025-10-07T23:26:14","guid":{"rendered":"https:\/\/spiritara.com\/shop\/nuez-moscada\/"},"modified":"2026-02-02T19:32:41","modified_gmt":"2026-02-02T16:32:41","slug":"nuez-moscada","status":"publish","type":"product","link":"https:\/\/spiritara.com\/es\/shop\/nuez-moscada\/","title":{"rendered":"Nuez moscada"},"content":{"rendered":"<p>La sensaci\u00f3n de calor que proporciona la nuez moscada mejora la circulaci\u00f3n sangu\u00ednea, contribuyendo a una completa revitalizaci\u00f3n del cuerpo. Calma los m\u00fasculos doloridos y alivia la tensi\u00f3n para una comodidad que dura todo el d\u00eda. Nutre en profundidad para transformar la piel seca y \u00e1spera en una piel suave y sedosa.<\/p>\n<ul>\n<li><b>100% natural<\/b><\/li>\n<li><b>50 ml<\/b><\/li>\n<\/ul>\n","protected":false},"excerpt":{"rendered":"<p><b>Ingredientes:<\/b><\/p>\n<ul>\n<li>Aceites esenciales: Nuez moscada<\/li>\n<li>Aceites portadores: Almendra, albaricoque, semilla negra, ricino, coco, macadamia, moringa, s\u00e9samo.<\/li>\n<li>Mantecas: Cacao, Mango, Karit\u00e9<\/li>\n<\/ul>\n","protected":false},"featured_media":5723,"comment_status":"open","ping_status":"closed","template":"","meta":[],"product_cat":[203],"product_tag":[],"class_list":{"0":"post-5722","1":"product","2":"type-product","3":"status-publish","4":"has-post-thumbnail","6":"product_cat-cremas","7":"pa_capacity-30-ml","8":"pa_capacity-50-ml","10":"first","11":"instock","12":"shipping-taxable","13":"purchasable","14":"product-type-variable"},"_links":{"self":[{"href":"https:\/\/spiritara.com\/es\/wp-json\/wp\/v2\/product\/5722","targetHints":{"allow":["GET"]}}],"collection":[{"href":"https:\/\/spiritara.com\/es\/wp-json\/wp\/v2\/product"}],"about":[{"href":"https:\/\/spiritara.com\/es\/wp-json\/wp\/v2\/types\/product"}],"replies":[{"embeddable":true,"href":"https:\/\/spiritara.com\/es\/wp-json\/wp\/v2\/comments?post=5722"}],"version-history":[{"count":1,"href":"https:\/\/spiritara.com\/es\/wp-json\/wp\/v2\/product\/5722\/revisions"}],"predecessor-version":[{"id":6425,"href":"https:\/\/spiritara.com\/es\/wp-json\/wp\/v2\/product\/5722\/revisions\/6425"}],"wp:featuredmedia":[{"embeddable":true,"href":"https:\/\/spiritara.com\/es\/wp-json\/wp\/v2\/media\/5723"}],"wp:attachment":[{"href":"https:\/\/spiritara.com\/es\/wp-json\/wp\/v2\/media?parent=5722"}],"wp:term":[{"taxonomy":"product_cat","embeddable":true,"href":"https:\/\/spiritara.com\/es\/wp-json\/wp\/v2\/product_cat?post=5722"},{"taxonomy":"product_tag","embeddable":true,"href":"https:\/\/spiritara.com\/es\/wp-json\/wp\/v2\/product_tag?post=5722"}],"curies":[{"name":"wp","href":"https:\/\/api.w.org\/{rel}","templated":true}]}}