{"id":5724,"date":"2025-10-08T02:24:14","date_gmt":"2025-10-07T23:24:14","guid":{"rendered":"https:\/\/spiritara.com\/shop\/menta\/"},"modified":"2026-02-02T18:53:20","modified_gmt":"2026-02-02T15:53:20","slug":"menta","status":"publish","type":"product","link":"https:\/\/spiritara.com\/es\/shop\/menta\/","title":{"rendered":"Menta"},"content":{"rendered":"<p>Calma y revitaliza la piel seca con una hidrataci\u00f3n profunda. La menta proporciona una frescura refrescante que revitaliza los sentidos y calma la irritaci\u00f3n. Promueve una piel suave y flexible y el bienestar general del cuerpo con cada aplicaci\u00f3n.<\/p>\n<ul>\n<li><b>100% natural<\/b><\/li>\n<li><b>50 ml<\/b><\/li>\n<\/ul>\n","protected":false},"excerpt":{"rendered":"<p><b>Ingredientes:<\/b><\/p>\n<ul>\n<li>Aceites esenciales: Menta<\/li>\n<li>Aceites portadores: Almendra, Albaricoque, Semilla negra, Ricino, Coco, Macadamia, Moringa, S\u00e9samo<\/li>\n<li>Mantecas: Cacao, Mango, Karit\u00e9<\/li>\n<\/ul>\n","protected":false},"featured_media":5727,"comment_status":"open","ping_status":"closed","template":"","meta":[],"product_cat":[203],"product_tag":[],"class_list":{"0":"post-5724","1":"product","2":"type-product","3":"status-publish","4":"has-post-thumbnail","6":"product_cat-cremas","7":"pa_capacity-50-ml","9":"first","10":"instock","11":"shipping-taxable","12":"purchasable","13":"product-type-variable"},"_links":{"self":[{"href":"https:\/\/spiritara.com\/es\/wp-json\/wp\/v2\/product\/5724","targetHints":{"allow":["GET"]}}],"collection":[{"href":"https:\/\/spiritara.com\/es\/wp-json\/wp\/v2\/product"}],"about":[{"href":"https:\/\/spiritara.com\/es\/wp-json\/wp\/v2\/types\/product"}],"replies":[{"embeddable":true,"href":"https:\/\/spiritara.com\/es\/wp-json\/wp\/v2\/comments?post=5724"}],"version-history":[{"count":1,"href":"https:\/\/spiritara.com\/es\/wp-json\/wp\/v2\/product\/5724\/revisions"}],"predecessor-version":[{"id":6376,"href":"https:\/\/spiritara.com\/es\/wp-json\/wp\/v2\/product\/5724\/revisions\/6376"}],"wp:featuredmedia":[{"embeddable":true,"href":"https:\/\/spiritara.com\/es\/wp-json\/wp\/v2\/media\/5727"}],"wp:attachment":[{"href":"https:\/\/spiritara.com\/es\/wp-json\/wp\/v2\/media?parent=5724"}],"wp:term":[{"taxonomy":"product_cat","embeddable":true,"href":"https:\/\/spiritara.com\/es\/wp-json\/wp\/v2\/product_cat?post=5724"},{"taxonomy":"product_tag","embeddable":true,"href":"https:\/\/spiritara.com\/es\/wp-json\/wp\/v2\/product_tag?post=5724"}],"curies":[{"name":"wp","href":"https:\/\/api.w.org\/{rel}","templated":true}]}}