{"id":5732,"date":"2025-10-08T02:20:28","date_gmt":"2025-10-07T23:20:28","guid":{"rendered":"https:\/\/spiritara.com\/shop\/acne\/"},"modified":"2025-12-31T22:08:05","modified_gmt":"2025-12-31T19:08:05","slug":"acne","status":"publish","type":"product","link":"https:\/\/spiritara.com\/es\/shop\/acne\/","title":{"rendered":"Acn\u00e9"},"content":{"rendered":"<p>Calma la inflamaci\u00f3n y reduce visiblemente el enrojecimiento para una tez m\u00e1s clara. Equilibra la producci\u00f3n de grasa y ayuda a prevenir futuros brotes sin resecar la piel. La lavanda calma la irritaci\u00f3n y favorece la cicatrizaci\u00f3n para una salud \u00f3ptima de la piel.<\/p>\n<ul>\n<li><b>100% natural<\/b><\/li>\n<li><b>50 ml<\/b><\/li>\n<\/ul>\n","protected":false},"excerpt":{"rendered":"<p><b>Ingredientes:<\/b><\/p>\n<ul>\n<li>Aceites esenciales: Lavanda<\/li>\n<li>Aceites portadores: Albaricoque, semilla negra, jojoba, lavanda, moringa, rosa mosqueta.<\/li>\n<\/ul>\n","protected":false},"featured_media":5594,"comment_status":"open","ping_status":"closed","template":"","meta":[],"product_cat":[205],"product_tag":[],"class_list":{"0":"post-5732","1":"product","2":"type-product","3":"status-publish","4":"has-post-thumbnail","6":"product_cat-suero","7":"pa_capacity-50-ml","9":"first","10":"instock","11":"shipping-taxable","12":"purchasable","13":"product-type-variable"},"_links":{"self":[{"href":"https:\/\/spiritara.com\/es\/wp-json\/wp\/v2\/product\/5732","targetHints":{"allow":["GET"]}}],"collection":[{"href":"https:\/\/spiritara.com\/es\/wp-json\/wp\/v2\/product"}],"about":[{"href":"https:\/\/spiritara.com\/es\/wp-json\/wp\/v2\/types\/product"}],"replies":[{"embeddable":true,"href":"https:\/\/spiritara.com\/es\/wp-json\/wp\/v2\/comments?post=5732"}],"version-history":[{"count":0,"href":"https:\/\/spiritara.com\/es\/wp-json\/wp\/v2\/product\/5732\/revisions"}],"wp:featuredmedia":[{"embeddable":true,"href":"https:\/\/spiritara.com\/es\/wp-json\/wp\/v2\/media\/5594"}],"wp:attachment":[{"href":"https:\/\/spiritara.com\/es\/wp-json\/wp\/v2\/media?parent=5732"}],"wp:term":[{"taxonomy":"product_cat","embeddable":true,"href":"https:\/\/spiritara.com\/es\/wp-json\/wp\/v2\/product_cat?post=5732"},{"taxonomy":"product_tag","embeddable":true,"href":"https:\/\/spiritara.com\/es\/wp-json\/wp\/v2\/product_tag?post=5732"}],"curies":[{"name":"wp","href":"https:\/\/api.w.org\/{rel}","templated":true}]}}