{"id":6340,"date":"2026-01-29T00:32:29","date_gmt":"2026-01-28T21:32:29","guid":{"rendered":"https:\/\/spiritara.com\/shop\/aceite-de-coco\/"},"modified":"2026-02-02T18:12:34","modified_gmt":"2026-02-02T15:12:34","slug":"aceite-de-coco","status":"publish","type":"product","link":"https:\/\/spiritara.com\/es\/shop\/aceite-de-coco\/","title":{"rendered":"Aceite de coco"},"content":{"rendered":"<p data-start=\"152\" data-end=\"221\"><strong data-start=\"152\" data-end=\"221\">Un aceite cl\u00e1sico multitarea para acondicionamiento profundo y protecci\u00f3n.<\/strong><\/p>\n<ul>\n<li><b>100% natural, 100 ml<\/b><\/li>\n<\/ul>\n","protected":false},"excerpt":{"rendered":"<p>Beneficios:<br data-start=\"236\" data-end=\"239\" \/>Proporciona hidrataci\u00f3n instant\u00e1nea para piel seca, labios y cut\u00edculas.<br data-start=\"299\" data-end=\"302\" \/>Sus propiedades antibacterianas naturales ayudan a aliviar infecciones cut\u00e1neas leves.<br data-start=\"369\" data-end=\"372\" \/>Crea una capa protectora que protege la piel de la p\u00e9rdida de hidrataci\u00f3n.<br data-start=\"433\" data-end=\"436\" \/>Deja la piel tersa con una sutil fragancia tropical.<\/p>\n","protected":false},"featured_media":6332,"comment_status":"open","ping_status":"closed","template":"","meta":[],"product_cat":[197],"product_tag":[],"class_list":{"0":"post-6340","1":"product","2":"type-product","3":"status-publish","4":"has-post-thumbnail","6":"product_cat-aceites-portadores","7":"pa_capacity-100-ml","8":"pa_capacity-1000-ml","9":"pa_capacity-500-ml","11":"first","12":"instock","13":"shipping-taxable","14":"purchasable","15":"product-type-variable"},"_links":{"self":[{"href":"https:\/\/spiritara.com\/es\/wp-json\/wp\/v2\/product\/6340","targetHints":{"allow":["GET"]}}],"collection":[{"href":"https:\/\/spiritara.com\/es\/wp-json\/wp\/v2\/product"}],"about":[{"href":"https:\/\/spiritara.com\/es\/wp-json\/wp\/v2\/types\/product"}],"replies":[{"embeddable":true,"href":"https:\/\/spiritara.com\/es\/wp-json\/wp\/v2\/comments?post=6340"}],"version-history":[{"count":2,"href":"https:\/\/spiritara.com\/es\/wp-json\/wp\/v2\/product\/6340\/revisions"}],"predecessor-version":[{"id":6356,"href":"https:\/\/spiritara.com\/es\/wp-json\/wp\/v2\/product\/6340\/revisions\/6356"}],"wp:featuredmedia":[{"embeddable":true,"href":"https:\/\/spiritara.com\/es\/wp-json\/wp\/v2\/media\/6332"}],"wp:attachment":[{"href":"https:\/\/spiritara.com\/es\/wp-json\/wp\/v2\/media?parent=6340"}],"wp:term":[{"taxonomy":"product_cat","embeddable":true,"href":"https:\/\/spiritara.com\/es\/wp-json\/wp\/v2\/product_cat?post=6340"},{"taxonomy":"product_tag","embeddable":true,"href":"https:\/\/spiritara.com\/es\/wp-json\/wp\/v2\/product_tag?post=6340"}],"curies":[{"name":"wp","href":"https:\/\/api.w.org\/{rel}","templated":true}]}}