{"id":5536,"date":"2020-10-21T08:35:42","date_gmt":"2020-10-21T05:35:42","guid":{"rendered":"https:\/\/spiritara.com\/sss\/"},"modified":"2026-03-04T03:04:53","modified_gmt":"2026-03-04T00:04:53","slug":"sss","status":"publish","type":"page","link":"https:\/\/spiritara.com\/tr\/sss\/","title":{"rendered":"SSS"},"content":{"rendered":"\t\t<div data-elementor-type=\"wp-page\" data-elementor-id=\"5536\" class=\"elementor elementor-5536 elementor-179\" data-elementor-post-type=\"page\">\n\t\t\t\t\t\t<section class=\"elementor-section elementor-top-section elementor-element elementor-element-51cc69c elementor-section-full_width elementor-section-height-default elementor-section-height-default\" data-id=\"51cc69c\" data-element_type=\"section\" data-e-type=\"section\">\n\t\t\t\t\t\t<div class=\"elementor-container elementor-column-gap-no\">\n\t\t\t\t\t<div class=\"elementor-column elementor-col-100 elementor-top-column elementor-element elementor-element-d3159a6\" data-id=\"d3159a6\" data-element_type=\"column\" data-e-type=\"column\">\n\t\t\t<div class=\"elementor-widget-wrap elementor-element-populated\">\n\t\t\t\t\t\t<div class=\"elementor-element elementor-element-d04350a elementor-widget elementor-widget-ideapark-page-header\" data-id=\"d04350a\" data-element_type=\"widget\" data-e-type=\"widget\" data-widget_type=\"ideapark-page-header.default\">\n\t\t\t\t<div class=\"elementor-widget-container\">\n\t\t\t\t\t\t<header\n\t\tclass=\"l-section c-page-header c-page-header--header-type-4 c-page-header--default\n c-page-header--low\"\n\t\t>\n\n\t\t\t\t\t<div class=\"c-page-header__wrap\">\n\t\t\t\t\t\t\t\t\t<h1 class=\"c-page-header__title\">SSS<\/h1>\n\t\t\t\t\t\t\t<\/div>\n\t\t\t\t\t\t\t<div class=\"c-page-header__spacer\"><\/div>\n\t\t\t<\/header>\n\t\t\t\t<\/div>\n\t\t\t\t<\/div>\n\t\t\t\t\t<\/div>\n\t\t<\/div>\n\t\t\t\t\t<\/div>\n\t\t<\/section>\n\t\t\t\t<section class=\"elementor-section elementor-top-section elementor-element elementor-element-1617f7b elementor-section-boxed elementor-section-height-default elementor-section-height-default\" data-id=\"1617f7b\" data-element_type=\"section\" data-e-type=\"section\">\n\t\t\t\t\t\t<div class=\"elementor-container elementor-column-gap-no\">\n\t\t\t\t\t<div class=\"elementor-column elementor-col-100 elementor-top-column elementor-element elementor-element-bc288d3\" data-id=\"bc288d3\" data-element_type=\"column\" data-e-type=\"column\">\n\t\t\t<div class=\"elementor-widget-wrap elementor-element-populated\">\n\t\t\t\t\t\t<div class=\"elementor-element elementor-element-450377d elementor-widget elementor-widget-ideapark-accordion\" data-id=\"450377d\" data-element_type=\"widget\" data-e-type=\"widget\" data-widget_type=\"ideapark-accordion.default\">\n\t\t\t\t<div class=\"elementor-widget-container\">\n\t\t\t\t\t\t\t<div class=\"c-ip-accordion\">\n\t\t\t<div class=\"c-ip-accordion__wrap c-ip-accordion__wrap--layout-1\">\n\t\t\t\t<div class=\"c-ip-accordion__list c-ip-accordion__list--layout-1\">\n\t\t\t\t\t\t\t\t\t\t<div class=\"c-ip-accordion__item c-ip-accordion__item--layout-1\">\n\t\t\t\t\t\t<a class=\"c-ip-accordion__header c-ip-accordion__header--layout-1 js-accordion-title\" href=\"\" onclick=\"return false;\">Spiritara \u00fcr\u00fcnlerini di\u011fer cilt bak\u0131m \u00fcr\u00fcnlerinden ay\u0131ran nedir?<i class=\"ip-right c-ip-accordion__arrow c-ip-accordion__arrow--layout-1\"><\/i><\/a>\t\t\t\t\t\t<div class=\"c-ip-accordion__content c-ip-accordion__content--layout-1\"><p data-start=\"376\" data-end=\"653\"><b data-path-to-node=\"3\" data-index-in-node=\"0\">Spiritara<\/b> \u00fcr\u00fcnlerinin \u00fcretiminde %100 do\u011fal ve organik bile\u015fenler kullan\u0131lmaktad\u0131r. T\u00fcm \u00fcr\u00fcnlerimiz b\u00fcy\u00fck bir titizlik ve \u00f6zenle el yap\u0131m\u0131 (Handcrafted) olarak haz\u0131rlanmaktad\u0131r. \u00dcr\u00fcnlerimiz sentetik kimyasallar, zararl\u0131 kokular ve sert koruyucular i\u00e7ermez; bu da cildinize do\u011fal \u0131\u015f\u0131lt\u0131s\u0131n\u0131 geri kazand\u0131ran g\u00fcvenli ve etkili bir bak\u0131m sunar.<\/p><\/div>\t\t\t\t\t<\/div>\n\t\t\t\t\t\t\t\t\t\t\t\t\t\t\t<div class=\"c-ip-accordion__item c-ip-accordion__item--layout-1\">\n\t\t\t\t\t\t<a class=\"c-ip-accordion__header c-ip-accordion__header--layout-1 js-accordion-title\" href=\"\" onclick=\"return false;\">\u00dcr\u00fcnleriniz hassas ciltler i\u00e7in uygun mu?<i class=\"ip-right c-ip-accordion__arrow c-ip-accordion__arrow--layout-1\"><\/i><\/a>\t\t\t\t\t\t<div class=\"c-ip-accordion__content c-ip-accordion__content--layout-1\"><p data-start=\"735\" data-end=\"931\">Evet, kesinlikle. Form\u00fcllerimiz cilt \u00fczerinde \u00e7ok nazik olacak \u015fekilde tasarlanm\u0131\u015f ve dermatolojik olarak test edilmi\u015ftir. Yat\u0131\u015ft\u0131r\u0131c\u0131 ve besleyici \u00f6zellikleriyle bilinen shea ya\u011f\u0131, hindistan cevizi ya\u011f\u0131 ve bitkisel hidrosoller gibi saf do\u011fal ya\u011flar ve tereya\u011flar (butter) kullan\u0131yoruz, bu da \u00fcr\u00fcnlerimizi en hassas ciltler i\u00e7in bile ideal k\u0131lar.<\/p><\/div>\t\t\t\t\t<\/div>\n\t\t\t\t\t\t\t\t\t\t\t\t\t\t\t<div class=\"c-ip-accordion__item c-ip-accordion__item--layout-1\">\n\t\t\t\t\t\t<a class=\"c-ip-accordion__header c-ip-accordion__header--layout-1 js-accordion-title\" href=\"\" onclick=\"return false;\">Ma\u011fazan\u0131zda ne t\u00fcr \u00fcr\u00fcnler sunuyorsunuz?<i class=\"ip-right c-ip-accordion__arrow c-ip-accordion__arrow--layout-1\"><\/i><\/a>\t\t\t\t\t\t<div class=\"c-ip-accordion__content c-ip-accordion__content--layout-1\"><p data-path-to-node=\"7\">Cilt ve v\u00fccut bak\u0131m\u0131 i\u00e7in eksiksiz bir temel \u00fcr\u00fcn yelpazesi sunuyoruz:<\/p><ul data-path-to-node=\"8\"><li><p data-path-to-node=\"8,0,0\"><b data-path-to-node=\"8,0,0\" data-index-in-node=\"0\">Kremler ve V\u00fccut Tereya\u011flar\u0131 (Butters):<\/b> Mango ya\u011f\u0131 ve kakao ya\u011f\u0131 gibi.<\/p><\/li><li><p data-path-to-node=\"8,1,0\"><b data-path-to-node=\"8,1,0\" data-index-in-node=\"0\">Ta\u015f\u0131y\u0131c\u0131 ve Esansiyel Ya\u011flar:<\/b> Avokado ya\u011f\u0131 ve chia tohumu ya\u011f\u0131 gibi.<\/p><\/li><li><p data-path-to-node=\"8,2,0\"><b data-path-to-node=\"8,2,0\" data-index-in-node=\"0\">Hidrosoller (Bitki Sular\u0131):<\/b> G\u00fcnl\u00fck (Akg\u00fcnl\u00fck), ada\u00e7ay\u0131 ve lavanta hidrosol\u00fc gibi.<\/p><\/li><li><p data-path-to-node=\"8,3,0\"><b data-path-to-node=\"8,3,0\" data-index-in-node=\"0\">Dudak Bak\u0131m\u0131:<\/b> Do\u011fal dudak balmlar\u0131 (Lip Balm).<\/p><\/li><\/ul><\/div>\t\t\t\t\t<\/div>\n\t\t\t\t\t\t\t\t\t\t\t\t\t\t\t<div class=\"c-ip-accordion__item c-ip-accordion__item--layout-1\">\n\t\t\t\t\t\t<a class=\"c-ip-accordion__header c-ip-accordion__header--layout-1 js-accordion-title\" href=\"\" onclick=\"return false;\">&quot;Hidrosol&quot; (Hydrosol) ile geleneksel esansiyel ya\u011flar aras\u0131ndaki fark nedir?<i class=\"ip-right c-ip-accordion__arrow c-ip-accordion__arrow--layout-1\"><\/i><\/a>\t\t\t\t\t\t<div class=\"c-ip-accordion__content c-ip-accordion__content--layout-1\"><p data-path-to-node=\"10\">Hidrosoller, bitkilerin dam\u0131t\u0131lmas\u0131 s\u0131ras\u0131nda elde edilen saf bitki sular\u0131d\u0131r. Bitkinin tedavi edici \u00f6zelliklerini i\u00e7erirler ancak daha hafif ve cilt i\u00e7in \u00e7ok nazik bir konsantrasyona sahiptirler. Konsantre esansiyel ya\u011flar\u0131n aksine, bir hidrosol (lavanta veya ada\u00e7ay\u0131 gibi) seyreltilmeye gerek kalmadan ferahlat\u0131c\u0131 ve temizleyici bir tonik olarak do\u011frudan y\u00fcze p\u00fcsk\u00fcrt\u00fclebilir.<\/p><\/div>\t\t\t\t\t<\/div>\n\t\t\t\t\t\t\t\t\t\t\t\t\t\t\t<div class=\"c-ip-accordion__item c-ip-accordion__item--layout-1\">\n\t\t\t\t\t\t<a class=\"c-ip-accordion__header c-ip-accordion__header--layout-1 js-accordion-title\" href=\"\" onclick=\"return false;\">Cilt tipim i\u00e7in do\u011fru ta\u015f\u0131y\u0131c\u0131 ya\u011f\u0131 (Carrier Oil) nas\u0131l se\u00e7erim?<i class=\"ip-right c-ip-accordion__arrow c-ip-accordion__arrow--layout-1\"><\/i><\/a>\t\t\t\t\t\t<div class=\"c-ip-accordion__content c-ip-accordion__content--layout-1\"><p data-start=\"1488\" data-end=\"1689\">Ta\u015f\u0131y\u0131c\u0131 ya\u011flar\u0131n dokular\u0131 ve faydalar\u0131 farkl\u0131l\u0131k g\u00f6sterir; \u00f6rne\u011fin, <b data-path-to-node=\"12\" data-index-in-node=\"69\">avokado ya\u011f\u0131<\/b> derin nemlendirmeye ihtiya\u00e7 duyan kuru ciltler i\u00e7in idealdir, <b data-path-to-node=\"12\" data-index-in-node=\"144\">chia tohumu ya\u011f\u0131<\/b> ise cilt elastikiyetini art\u0131rmak ve ya\u015flanma belirtileriyle sava\u015fmak i\u00e7in m\u00fckemmeldir. <b data-path-to-node=\"12\" data-index-in-node=\"248\">Hindistan cevizi ya\u011f\u0131<\/b> ise v\u00fccut ve sa\u00e7\u0131n genel nemlendirilmesi i\u00e7in harika bir se\u00e7enektir.<\/p><\/div>\t\t\t\t\t<\/div>\n\t\t\t\t\t\t\t\t\t\t\t\t\t\t\t<div class=\"c-ip-accordion__item c-ip-accordion__item--layout-1\">\n\t\t\t\t\t\t<a class=\"c-ip-accordion__header c-ip-accordion__header--layout-1 js-accordion-title\" href=\"\" onclick=\"return false;\">V\u00fccut tereya\u011flar\u0131 (Butters) g\u00fcnl\u00fck y\u00fcz nemlendiricisi olarak kullan\u0131labilir mi?<i class=\"ip-right c-ip-accordion__arrow c-ip-accordion__arrow--layout-1\"><\/i><\/a>\t\t\t\t\t\t<div class=\"c-ip-accordion__content c-ip-accordion__content--layout-1\"><p data-start=\"1748\" data-end=\"1946\">Tereya\u011flar\u0131m\u0131z (mango, kakao ve shea gibi) \u00e7ok zengin ve besleyicidir, v\u00fccudu ve a\u015f\u0131r\u0131 kuru b\u00f6lgeleri nemlendirmek i\u00e7in harikad\u0131r. Y\u00fcz i\u00e7in, sadece \u00e7ok kuru cilt durumlar\u0131nda veya yo\u011fun gece bak\u0131m\u0131 olarak kullan\u0131lmas\u0131n\u0131 \u00f6neriyoruz. Hafif bir g\u00fcnl\u00fck y\u00fcz bak\u0131m\u0131 i\u00e7in, nemlendirme ve emilim aras\u0131nda m\u00fckemmel bir denge sa\u011flamak amac\u0131yla bunlar\u0131 hidrosollerimizle kar\u0131\u015ft\u0131rarak kullanman\u0131z\u0131 tavsiye ederiz.<\/p><\/div>\t\t\t\t\t<\/div>\n\t\t\t\t\t\t\t\t\t\t\t\t\t\t<\/div>\n\t\t\t<\/div>\n\t\t<\/div>\n\t\t\t\t\t\t<\/div>\n\t\t\t\t<\/div>\n\t\t\t\t\t<\/div>\n\t\t<\/div>\n\t\t\t\t\t<\/div>\n\t\t<\/section>\n\t\t\t\t<\/div>\n\t\t","protected":false},"excerpt":{"rendered":"<p>SSS Spiritara \u00fcr\u00fcnlerini di\u011fer cilt bak\u0131m \u00fcr\u00fcnlerinden ay\u0131ran nedir? Spiritara \u00fcr\u00fcnlerinin \u00fcretiminde %100 do\u011fal ve organik bile\u015fenler kullan\u0131lmaktad\u0131r. T\u00fcm \u00fcr\u00fcnlerimiz b\u00fcy\u00fck bir&hellip;<\/p>\n","protected":false},"author":1,"featured_media":0,"parent":0,"menu_order":0,"comment_status":"closed","ping_status":"closed","template":"elementor_header_footer","meta":{"footnotes":""},"class_list":["post-5536","page","type-page","status-publish","hentry"],"_links":{"self":[{"href":"https:\/\/spiritara.com\/tr\/wp-json\/wp\/v2\/pages\/5536","targetHints":{"allow":["GET"]}}],"collection":[{"href":"https:\/\/spiritara.com\/tr\/wp-json\/wp\/v2\/pages"}],"about":[{"href":"https:\/\/spiritara.com\/tr\/wp-json\/wp\/v2\/types\/page"}],"author":[{"embeddable":true,"href":"https:\/\/spiritara.com\/tr\/wp-json\/wp\/v2\/users\/1"}],"replies":[{"embeddable":true,"href":"https:\/\/spiritara.com\/tr\/wp-json\/wp\/v2\/comments?post=5536"}],"version-history":[{"count":6,"href":"https:\/\/spiritara.com\/tr\/wp-json\/wp\/v2\/pages\/5536\/revisions"}],"predecessor-version":[{"id":6946,"href":"https:\/\/spiritara.com\/tr\/wp-json\/wp\/v2\/pages\/5536\/revisions\/6946"}],"wp:attachment":[{"href":"https:\/\/spiritara.com\/tr\/wp-json\/wp\/v2\/media?parent=5536"}],"curies":[{"name":"wp","href":"https:\/\/api.w.org\/{rel}","templated":true}]}}