{"id":5741,"date":"2025-10-08T03:34:09","date_gmt":"2025-10-08T00:34:09","guid":{"rendered":"https:\/\/spiritara.com\/shop\/nane-hidrosolu\/"},"modified":"2026-01-23T14:45:17","modified_gmt":"2026-01-23T11:45:17","slug":"nane-hidrosolu","status":"publish","type":"product","link":"https:\/\/spiritara.com\/tr\/shop\/nane-hidrosolu\/","title":{"rendered":"Nane Hidrosol\u00fc"},"content":{"rendered":"<p><b>Cans\u0131z cildi canland\u0131ran, serinletici bir sprey.<\/b><\/p>\n<ul>\n<li><b>%100 Do\u011fal, 250 ml<\/b><\/li>\n<\/ul>\n","protected":false},"excerpt":{"rendered":"<p><b>Benefits:<\/b><\/p>\n<ul>\n<li>Yorgun veya a\u015f\u0131r\u0131 \u0131s\u0131nm\u0131\u015f cildi an\u0131nda ferahlat\u0131r ve serinletir.<\/li>\n<li>G\u00f6zenekleri s\u0131k\u0131la\u015ft\u0131rmaya ve ya\u011fl\u0131 veya karma cilt tipini dengelemeye yard\u0131mc\u0131 olur.<\/li>\n<li>Do\u011fal nemi yok etmeden nazik bir tonlama sa\u011flar.<\/li>\n<li>Hafif ve ferahlat\u0131c\u0131 aromas\u0131yla antioksidan koruma sa\u011flar.<b style=\"letter-spacing: 0.015em;\"><\/b><b><\/b><\/li>\n<\/ul>\n","protected":false},"featured_media":6225,"comment_status":"open","ping_status":"closed","template":"","meta":[],"product_cat":[206],"product_tag":[],"class_list":{"0":"post-5741","1":"product","2":"type-product","3":"status-publish","4":"has-post-thumbnail","6":"product_cat-hidrosol","7":"pa_capacity-250-ml","8":"pa_capacity-120-ml","10":"first","11":"instock","12":"shipping-taxable","13":"purchasable","14":"product-type-variable"},"_links":{"self":[{"href":"https:\/\/spiritara.com\/tr\/wp-json\/wp\/v2\/product\/5741","targetHints":{"allow":["GET"]}}],"collection":[{"href":"https:\/\/spiritara.com\/tr\/wp-json\/wp\/v2\/product"}],"about":[{"href":"https:\/\/spiritara.com\/tr\/wp-json\/wp\/v2\/types\/product"}],"replies":[{"embeddable":true,"href":"https:\/\/spiritara.com\/tr\/wp-json\/wp\/v2\/comments?post=5741"}],"version-history":[{"count":2,"href":"https:\/\/spiritara.com\/tr\/wp-json\/wp\/v2\/product\/5741\/revisions"}],"predecessor-version":[{"id":6287,"href":"https:\/\/spiritara.com\/tr\/wp-json\/wp\/v2\/product\/5741\/revisions\/6287"}],"wp:featuredmedia":[{"embeddable":true,"href":"https:\/\/spiritara.com\/tr\/wp-json\/wp\/v2\/media\/6225"}],"wp:attachment":[{"href":"https:\/\/spiritara.com\/tr\/wp-json\/wp\/v2\/media?parent=5741"}],"wp:term":[{"taxonomy":"product_cat","embeddable":true,"href":"https:\/\/spiritara.com\/tr\/wp-json\/wp\/v2\/product_cat?post=5741"},{"taxonomy":"product_tag","embeddable":true,"href":"https:\/\/spiritara.com\/tr\/wp-json\/wp\/v2\/product_tag?post=5741"}],"curies":[{"name":"wp","href":"https:\/\/api.w.org\/{rel}","templated":true}]}}