{"id":5745,"date":"2025-10-08T03:33:30","date_gmt":"2025-10-08T00:33:30","guid":{"rendered":"https:\/\/spiritara.com\/shop\/selvi-hidrosolu\/"},"modified":"2026-01-23T14:55:22","modified_gmt":"2026-01-23T11:55:22","slug":"selvi-hidrosolu","status":"publish","type":"product","link":"https:\/\/spiritara.com\/tr\/shop\/selvi-hidrosolu\/","title":{"rendered":"Selvi Hidrosol\u00fc"},"content":{"rendered":"<p><b>Yorgun cildi canland\u0131ran, tonikleyici ve ar\u0131nd\u0131r\u0131c\u0131 bir \u00e7i\u00e7ek suyu.<\/b><\/p>\n<ul>\n<li><b>%100 Do\u011fal, 250 ml<\/b><\/li>\n<\/ul>\n<p>&nbsp;<\/p>\n<h3><\/h3>\n","protected":false},"excerpt":{"rendered":"<p><b>Benefits:<\/b><\/p>\n<ul>\n<li>G\u00f6zenekleri s\u0131k\u0131la\u015ft\u0131rmaya ve cilt dokusunu iyile\u015ftirmeye yard\u0131mc\u0131 olur.<\/li>\n<li>Ya\u011fl\u0131 ve t\u0131kanm\u0131\u015f cildi ar\u0131nd\u0131rarak daha berrak bir cilt g\u00f6r\u00fcn\u00fcm\u00fc sa\u011flar.<\/li>\n<li>A\u015f\u0131r\u0131 kurutmadan hafif bir s\u0131k\u0131la\u015ft\u0131r\u0131c\u0131 etki sa\u011flar.<\/li>\n<li>Cildin tazelenmi\u015f ve dengelenmi\u015f hissetmesini sa\u011flar.<\/li>\n<\/ul>\n","protected":false},"featured_media":6220,"comment_status":"open","ping_status":"closed","template":"","meta":[],"product_cat":[206],"product_tag":[],"class_list":{"0":"post-5745","1":"product","2":"type-product","3":"status-publish","4":"has-post-thumbnail","6":"product_cat-hidrosol","7":"pa_capacity-250-ml","8":"pa_capacity-120-ml","10":"first","11":"instock","12":"shipping-taxable","13":"purchasable","14":"product-type-variable"},"_links":{"self":[{"href":"https:\/\/spiritara.com\/tr\/wp-json\/wp\/v2\/product\/5745","targetHints":{"allow":["GET"]}}],"collection":[{"href":"https:\/\/spiritara.com\/tr\/wp-json\/wp\/v2\/product"}],"about":[{"href":"https:\/\/spiritara.com\/tr\/wp-json\/wp\/v2\/types\/product"}],"replies":[{"embeddable":true,"href":"https:\/\/spiritara.com\/tr\/wp-json\/wp\/v2\/comments?post=5745"}],"version-history":[{"count":1,"href":"https:\/\/spiritara.com\/tr\/wp-json\/wp\/v2\/product\/5745\/revisions"}],"predecessor-version":[{"id":6293,"href":"https:\/\/spiritara.com\/tr\/wp-json\/wp\/v2\/product\/5745\/revisions\/6293"}],"wp:featuredmedia":[{"embeddable":true,"href":"https:\/\/spiritara.com\/tr\/wp-json\/wp\/v2\/media\/6220"}],"wp:attachment":[{"href":"https:\/\/spiritara.com\/tr\/wp-json\/wp\/v2\/media?parent=5745"}],"wp:term":[{"taxonomy":"product_cat","embeddable":true,"href":"https:\/\/spiritara.com\/tr\/wp-json\/wp\/v2\/product_cat?post=5745"},{"taxonomy":"product_tag","embeddable":true,"href":"https:\/\/spiritara.com\/tr\/wp-json\/wp\/v2\/product_tag?post=5745"}],"curies":[{"name":"wp","href":"https:\/\/api.w.org\/{rel}","templated":true}]}}