{"id":5749,"date":"2025-10-08T03:32:49","date_gmt":"2025-10-08T00:32:49","guid":{"rendered":"https:\/\/spiritara.com\/shop\/adacayi-hidrosolu\/"},"modified":"2026-01-25T01:34:36","modified_gmt":"2026-01-24T22:34:36","slug":"adacayi-hidrosolu","status":"publish","type":"product","link":"https:\/\/spiritara.com\/tr\/shop\/adacayi-hidrosolu\/","title":{"rendered":"Ada\u00e7ay\u0131 Hidrosol\u00fc"},"content":{"rendered":"<p><b>Dengeli ve ferahlam\u0131\u015f bir cilt i\u00e7in ar\u0131nd\u0131r\u0131c\u0131, bitki \u00f6zleriyle zenginle\u015ftirilmi\u015f \u00e7i\u00e7ek suyu.<\/b><\/p>\n<ul>\n<li><b>%100 Do\u011fal, 250 ml<\/b><\/li>\n<\/ul>\n","protected":false},"excerpt":{"rendered":"<p><b>Faydalar:<\/b><\/p>\n<ul>\n<li>Hassas ciltlerdeki tahri\u015fi yat\u0131\u015ft\u0131r\u0131r ve k\u0131zar\u0131kl\u0131\u011f\u0131 azalt\u0131r.<\/li>\n<li>Akneye yatk\u0131n ciltlerde a\u015f\u0131r\u0131 ya\u011f kontrol\u00fcne ve parlamay\u0131 azaltmaya yard\u0131mc\u0131 olur.<\/li>\n<li>Do\u011fal s\u0131k\u0131la\u015ft\u0131r\u0131c\u0131 \u00f6zellikleri sayesinde g\u00f6zeneklerin g\u00f6r\u00fcn\u00fcm\u00fcn\u00fc en aza indirir.<\/li>\n<li>Cildi temiz, dengeli ve hafif\u00e7e s\u0131k\u0131la\u015fm\u0131\u015f hissettirir.<\/li>\n<\/ul>\n","protected":false},"featured_media":5750,"comment_status":"open","ping_status":"closed","template":"","meta":[],"product_cat":[206],"product_tag":[],"class_list":{"0":"post-5749","1":"product","2":"type-product","3":"status-publish","4":"has-post-thumbnail","6":"product_cat-hidrosol","7":"pa_capacity-250-ml","8":"pa_capacity-120-ml","10":"first","11":"outofstock","12":"shipping-taxable","13":"purchasable","14":"product-type-variable"},"_links":{"self":[{"href":"https:\/\/spiritara.com\/tr\/wp-json\/wp\/v2\/product\/5749","targetHints":{"allow":["GET"]}}],"collection":[{"href":"https:\/\/spiritara.com\/tr\/wp-json\/wp\/v2\/product"}],"about":[{"href":"https:\/\/spiritara.com\/tr\/wp-json\/wp\/v2\/types\/product"}],"replies":[{"embeddable":true,"href":"https:\/\/spiritara.com\/tr\/wp-json\/wp\/v2\/comments?post=5749"}],"version-history":[{"count":1,"href":"https:\/\/spiritara.com\/tr\/wp-json\/wp\/v2\/product\/5749\/revisions"}],"predecessor-version":[{"id":6311,"href":"https:\/\/spiritara.com\/tr\/wp-json\/wp\/v2\/product\/5749\/revisions\/6311"}],"wp:featuredmedia":[{"embeddable":true,"href":"https:\/\/spiritara.com\/tr\/wp-json\/wp\/v2\/media\/5750"}],"wp:attachment":[{"href":"https:\/\/spiritara.com\/tr\/wp-json\/wp\/v2\/media?parent=5749"}],"wp:term":[{"taxonomy":"product_cat","embeddable":true,"href":"https:\/\/spiritara.com\/tr\/wp-json\/wp\/v2\/product_cat?post=5749"},{"taxonomy":"product_tag","embeddable":true,"href":"https:\/\/spiritara.com\/tr\/wp-json\/wp\/v2\/product_tag?post=5749"}],"curies":[{"name":"wp","href":"https:\/\/api.w.org\/{rel}","templated":true}]}}