{"id":5752,"date":"2025-10-08T03:30:58","date_gmt":"2025-10-08T00:30:58","guid":{"rendered":"https:\/\/spiritara.com\/shop\/kakao-yagi\/"},"modified":"2025-12-31T22:58:45","modified_gmt":"2025-12-31T19:58:45","slug":"kakao-yagi","status":"publish","type":"product","link":"https:\/\/spiritara.com\/tr\/shop\/kakao-yagi\/","title":{"rendered":"Kakao Ya\u011f\u0131"},"content":{"rendered":"<p><b class=\"\">Lezzetli \u00e7ikolata aromas\u0131 ve g\u00fc\u00e7l\u00fc iyile\u015ftirici faydalar\u0131yla klasik bir cilt d\u00f6n\u00fc\u015ft\u00fcr\u00fcc\u00fc \u00fcr\u00fcn.<\/b><\/p>\n<ul>\n<li><b>%100 Do\u011fal, 100g<\/b><\/li>\n<\/ul>\n","protected":false},"excerpt":{"rendered":"<p><b>Faydalar:<\/b><\/p>\n<ul>\n<li><b>Son derece zengin form\u00fcl\u00fc, cilt dokusunu ve tonunu \u00f6nemli \u00f6l\u00e7\u00fcde iyile\u015ftirir.<\/b><\/li>\n<li>D\u00fczenli kullan\u0131mda yara izlerini, \u00e7atlaklar\u0131 ve lekeleri azalt\u0131r.<\/li>\n<li>Cildin \u0131\u015f\u0131lt\u0131s\u0131n\u0131 art\u0131ran do\u011fal bile\u015fiklerle dolu.<\/li>\n<li class=\"animating\">Kurak iklimlerde nem kayb\u0131n\u0131 \u00f6nlemek i\u00e7in koruyucu bir tabaka olu\u015fturur.<\/li>\n<\/ul>\n","protected":false},"featured_media":5753,"comment_status":"open","ping_status":"closed","template":"","meta":[],"product_cat":[209],"product_tag":[],"class_list":{"0":"post-5752","1":"product","2":"type-product","3":"status-publish","4":"has-post-thumbnail","6":"product_cat-tereyaglari","8":"first","9":"instock","10":"shipping-taxable","11":"purchasable","12":"product-type-variable"},"_links":{"self":[{"href":"https:\/\/spiritara.com\/tr\/wp-json\/wp\/v2\/product\/5752","targetHints":{"allow":["GET"]}}],"collection":[{"href":"https:\/\/spiritara.com\/tr\/wp-json\/wp\/v2\/product"}],"about":[{"href":"https:\/\/spiritara.com\/tr\/wp-json\/wp\/v2\/types\/product"}],"replies":[{"embeddable":true,"href":"https:\/\/spiritara.com\/tr\/wp-json\/wp\/v2\/comments?post=5752"}],"version-history":[{"count":0,"href":"https:\/\/spiritara.com\/tr\/wp-json\/wp\/v2\/product\/5752\/revisions"}],"wp:featuredmedia":[{"embeddable":true,"href":"https:\/\/spiritara.com\/tr\/wp-json\/wp\/v2\/media\/5753"}],"wp:attachment":[{"href":"https:\/\/spiritara.com\/tr\/wp-json\/wp\/v2\/media?parent=5752"}],"wp:term":[{"taxonomy":"product_cat","embeddable":true,"href":"https:\/\/spiritara.com\/tr\/wp-json\/wp\/v2\/product_cat?post=5752"},{"taxonomy":"product_tag","embeddable":true,"href":"https:\/\/spiritara.com\/tr\/wp-json\/wp\/v2\/product_tag?post=5752"}],"curies":[{"name":"wp","href":"https:\/\/api.w.org\/{rel}","templated":true}]}}