{"id":5755,"date":"2025-10-08T03:30:13","date_gmt":"2025-10-08T00:30:13","guid":{"rendered":"https:\/\/spiritara.com\/shop\/gunluk-hidrosolu\/"},"modified":"2026-01-23T15:04:23","modified_gmt":"2026-01-23T12:04:23","slug":"gunluk-hidrosolu","status":"publish","type":"product","link":"https:\/\/spiritara.com\/tr\/shop\/gunluk-hidrosolu\/","title":{"rendered":"G\u00fcnl\u00fck Hidrosol\u00fc"},"content":{"rendered":"<p><b class=\"\">Olgun ve kuru ciltler i\u00e7in l\u00fcks, ya\u015flanma kar\u015f\u0131t\u0131 bir \u00e7i\u00e7ek suyu.<\/b><\/p>\n<ul>\n<li><b class=\"\">%100 Do\u011fal, 250 ml<\/b><\/li>\n<\/ul>\n<p>&nbsp;<\/p>\n<h3 class=\"\"><\/h3>\n","protected":false},"excerpt":{"rendered":"<p><b class=\"\">Faydalar:<\/b><\/p>\n<ul>\n<li>Cilt elastikiyetini art\u0131rmaya ve ince \u00e7izgileri azaltmaya yard\u0131mc\u0131 olur.<\/li>\n<li>Tahri\u015fi yat\u0131\u015ft\u0131r\u0131r ve daha e\u015fit bir cilt tonu sa\u011flar.<\/li>\n<li>Cildi derinlemesine nemlendirirken ayn\u0131 zamanda hafif bir s\u0131k\u0131la\u015ft\u0131r\u0131c\u0131 etki sa\u011flar.<\/li>\n<li>D\u00fczenli kullan\u0131mda cilde \u0131\u015f\u0131lt\u0131l\u0131 ve sa\u011fl\u0131kl\u0131 bir g\u00f6r\u00fcn\u00fcm kazand\u0131r\u0131r.<\/li>\n<\/ul>\n","protected":false},"featured_media":6230,"comment_status":"open","ping_status":"closed","template":"","meta":[],"product_cat":[206],"product_tag":[],"class_list":{"0":"post-5755","1":"product","2":"type-product","3":"status-publish","4":"has-post-thumbnail","6":"product_cat-hidrosol","7":"pa_capacity-250-ml","8":"pa_capacity-120-ml","10":"first","11":"instock","12":"shipping-taxable","13":"purchasable","14":"product-type-variable"},"_links":{"self":[{"href":"https:\/\/spiritara.com\/tr\/wp-json\/wp\/v2\/product\/5755","targetHints":{"allow":["GET"]}}],"collection":[{"href":"https:\/\/spiritara.com\/tr\/wp-json\/wp\/v2\/product"}],"about":[{"href":"https:\/\/spiritara.com\/tr\/wp-json\/wp\/v2\/types\/product"}],"replies":[{"embeddable":true,"href":"https:\/\/spiritara.com\/tr\/wp-json\/wp\/v2\/comments?post=5755"}],"version-history":[{"count":1,"href":"https:\/\/spiritara.com\/tr\/wp-json\/wp\/v2\/product\/5755\/revisions"}],"predecessor-version":[{"id":6298,"href":"https:\/\/spiritara.com\/tr\/wp-json\/wp\/v2\/product\/5755\/revisions\/6298"}],"wp:featuredmedia":[{"embeddable":true,"href":"https:\/\/spiritara.com\/tr\/wp-json\/wp\/v2\/media\/6230"}],"wp:attachment":[{"href":"https:\/\/spiritara.com\/tr\/wp-json\/wp\/v2\/media?parent=5755"}],"wp:term":[{"taxonomy":"product_cat","embeddable":true,"href":"https:\/\/spiritara.com\/tr\/wp-json\/wp\/v2\/product_cat?post=5755"},{"taxonomy":"product_tag","embeddable":true,"href":"https:\/\/spiritara.com\/tr\/wp-json\/wp\/v2\/product_tag?post=5755"}],"curies":[{"name":"wp","href":"https:\/\/api.w.org\/{rel}","templated":true}]}}