{"id":5758,"date":"2025-10-08T03:28:55","date_gmt":"2025-10-08T00:28:55","guid":{"rendered":"https:\/\/spiritara.com\/shop\/mango-yagi\/"},"modified":"2025-12-31T23:04:43","modified_gmt":"2025-12-31T20:04:43","slug":"mango-yagi","status":"publish","type":"product","link":"https:\/\/spiritara.com\/tr\/shop\/mango-yagi\/","title":{"rendered":"Mango Ya\u011f\u0131"},"content":{"rendered":"<p><b>Hafif, h\u0131zl\u0131 emilen ve cildi ola\u011fan\u00fcst\u00fc derecede yumu\u015fatan bir v\u00fccut ya\u011f\u0131.<\/b><\/p>\n<ul>\n<li><b>%100 Do\u011fal, 100g<\/b><\/li>\n<\/ul>\n","protected":false},"excerpt":{"rendered":"<p><b>Faydalar:<\/b><\/p>\n<ul>\n<li>G\u00f6zenekleri t\u0131kamadan veya ya\u011fl\u0131 bir kal\u0131nt\u0131 b\u0131rakmadan yo\u011fun nem sa\u011flar.<\/li>\n<li>Cildin do\u011fal elastikiyetini ve esnekli\u011fini geri kazanmas\u0131na yard\u0131mc\u0131 olur.<\/li>\n<li>Serbest radikallerle ve erken ya\u015flanmayla sava\u015fan antioksidanlar i\u00e7erir.<\/li>\n<li>Tahri\u015fi ve k\u0131zar\u0131kl\u0131\u011f\u0131 yat\u0131\u015ft\u0131rd\u0131\u011f\u0131 i\u00e7in hassas ciltler i\u00e7in idealdir.<\/li>\n<\/ul>\n","protected":false},"featured_media":5759,"comment_status":"open","ping_status":"closed","template":"","meta":[],"product_cat":[209],"product_tag":[],"class_list":{"0":"post-5758","1":"product","2":"type-product","3":"status-publish","4":"has-post-thumbnail","6":"product_cat-tereyaglari","8":"first","9":"instock","10":"shipping-taxable","11":"purchasable","12":"product-type-variable"},"_links":{"self":[{"href":"https:\/\/spiritara.com\/tr\/wp-json\/wp\/v2\/product\/5758","targetHints":{"allow":["GET"]}}],"collection":[{"href":"https:\/\/spiritara.com\/tr\/wp-json\/wp\/v2\/product"}],"about":[{"href":"https:\/\/spiritara.com\/tr\/wp-json\/wp\/v2\/types\/product"}],"replies":[{"embeddable":true,"href":"https:\/\/spiritara.com\/tr\/wp-json\/wp\/v2\/comments?post=5758"}],"version-history":[{"count":0,"href":"https:\/\/spiritara.com\/tr\/wp-json\/wp\/v2\/product\/5758\/revisions"}],"wp:featuredmedia":[{"embeddable":true,"href":"https:\/\/spiritara.com\/tr\/wp-json\/wp\/v2\/media\/5759"}],"wp:attachment":[{"href":"https:\/\/spiritara.com\/tr\/wp-json\/wp\/v2\/media?parent=5758"}],"wp:term":[{"taxonomy":"product_cat","embeddable":true,"href":"https:\/\/spiritara.com\/tr\/wp-json\/wp\/v2\/product_cat?post=5758"},{"taxonomy":"product_tag","embeddable":true,"href":"https:\/\/spiritara.com\/tr\/wp-json\/wp\/v2\/product_tag?post=5758"}],"curies":[{"name":"wp","href":"https:\/\/api.w.org\/{rel}","templated":true}]}}