{"id":5762,"date":"2025-10-08T03:28:10","date_gmt":"2025-10-08T00:28:10","guid":{"rendered":"https:\/\/spiritara.com\/shop\/shea-yagi\/"},"modified":"2025-12-31T23:12:40","modified_gmt":"2025-12-31T20:12:40","slug":"shea-yagi","status":"publish","type":"product","link":"https:\/\/spiritara.com\/tr\/shop\/shea-yagi\/","title":{"rendered":"Shea Ya\u011f\u0131"},"content":{"rendered":"<p><b>Do\u011fan\u0131n en etkili nemlendiricisi, yo\u011fun beslenme i\u00e7in vitaminler ve ya\u011f asitleriyle dolu.<\/b><\/p>\n<ul>\n<li><b>%100 Do\u011fal, 100g<\/b><\/li>\n<\/ul>\n","protected":false},"excerpt":{"rendered":"<p><b>Faydalar:<\/b><\/p>\n<ul>\n<li>Melts at skin temperature to deliver deep, long-lasting hydration.<\/li>\n<li>\u0130ltihab\u0131 azalt\u0131r ve egzama, sedef hastal\u0131\u011f\u0131 ve dermatit gibi cilt rahats\u0131zl\u0131klar\u0131n\u0131 yat\u0131\u015ft\u0131r\u0131r.<\/li>\n<li>Y\u00fcksek A ve E vitamini i\u00e7eri\u011fi, kolajen \u00fcretimini ve cilt elastikiyetini destekler.<\/li>\n<li>\u00c7evresel hasara ve nem kayb\u0131na kar\u015f\u0131 koruyucu bir bariyer olu\u015fturur.<\/li>\n<\/ul>\n","protected":false},"featured_media":5763,"comment_status":"open","ping_status":"closed","template":"","meta":[],"product_cat":[209],"product_tag":[],"class_list":{"0":"post-5762","1":"product","2":"type-product","3":"status-publish","4":"has-post-thumbnail","6":"product_cat-tereyaglari","8":"first","9":"instock","10":"shipping-taxable","11":"purchasable","12":"product-type-variable"},"_links":{"self":[{"href":"https:\/\/spiritara.com\/tr\/wp-json\/wp\/v2\/product\/5762","targetHints":{"allow":["GET"]}}],"collection":[{"href":"https:\/\/spiritara.com\/tr\/wp-json\/wp\/v2\/product"}],"about":[{"href":"https:\/\/spiritara.com\/tr\/wp-json\/wp\/v2\/types\/product"}],"replies":[{"embeddable":true,"href":"https:\/\/spiritara.com\/tr\/wp-json\/wp\/v2\/comments?post=5762"}],"version-history":[{"count":0,"href":"https:\/\/spiritara.com\/tr\/wp-json\/wp\/v2\/product\/5762\/revisions"}],"wp:featuredmedia":[{"embeddable":true,"href":"https:\/\/spiritara.com\/tr\/wp-json\/wp\/v2\/media\/5763"}],"wp:attachment":[{"href":"https:\/\/spiritara.com\/tr\/wp-json\/wp\/v2\/media?parent=5762"}],"wp:term":[{"taxonomy":"product_cat","embeddable":true,"href":"https:\/\/spiritara.com\/tr\/wp-json\/wp\/v2\/product_cat?post=5762"},{"taxonomy":"product_tag","embeddable":true,"href":"https:\/\/spiritara.com\/tr\/wp-json\/wp\/v2\/product_tag?post=5762"}],"curies":[{"name":"wp","href":"https:\/\/api.w.org\/{rel}","templated":true}]}}