{"id":5766,"date":"2025-10-08T03:27:28","date_gmt":"2025-10-08T00:27:28","guid":{"rendered":"https:\/\/spiritara.com\/shop\/dudak-balsami\/"},"modified":"2025-12-31T23:16:15","modified_gmt":"2025-12-31T20:16:15","slug":"dudak-balsami","status":"publish","type":"product","link":"https:\/\/spiritara.com\/tr\/shop\/dudak-balsami\/","title":{"rendered":"Dudak Balsam\u0131"},"content":{"rendered":"<p><b>Dudaklara s\u00fcr\u00fcl\u00fcnce eriyen ve uzun s\u00fcreli rahatl\u0131k sa\u011flayan besleyici ve koruyucu bir dudak balsam\u0131.<\/b><\/p>\n<ul>\n<li><b>%100 Do\u011fal, 4,25 gr<\/b><\/li>\n<\/ul>\n","protected":false},"excerpt":{"rendered":"<p><b>Faydalar:<\/b><\/p>\n<ul>\n<li>Cildi derinlemesine nemlendirirken do\u011fal bir koruyucu bariyer olu\u015fturur.<\/li>\n<li>Kuru ve \u00e7atlam\u0131\u015f dudaklar\u0131 an\u0131nda yumu\u015fat\u0131r.<\/li>\n<li>Ya\u011fl\u0131l\u0131k hissi b\u0131rakmadan uzun s\u00fcreli p\u00fcr\u00fczs\u00fczl\u00fck sa\u011flar.<\/li>\n<li>Ciltteki pullanmay\u0131 onarmaya ve \u00f6nlemeye yard\u0131mc\u0131 olur.<br \/>\n<b><br \/>\n\u0130\u00e7indekiler:<\/b><\/p>\n<ul>\n<li><b>Badem ya\u011f\u0131<\/b><\/li>\n<li><b>Balmumu<\/b><\/li>\n<li><b>Hint ya\u011f\u0131<\/b><\/li>\n<li><b>Hindistan cevizi ya\u011f\u0131<\/b><\/li>\n<li><b>Makademiya Ya\u011f\u0131<\/b><\/li>\n<\/ul>\n<\/li>\n<\/ul>\n","protected":false},"featured_media":5767,"comment_status":"open","ping_status":"closed","template":"","meta":[],"product_cat":[211],"product_tag":[],"class_list":{"0":"post-5766","1":"product","2":"type-product","3":"status-publish","4":"has-post-thumbnail","6":"product_cat-dudak-balsami","8":"first","9":"instock","10":"shipping-taxable","11":"purchasable","12":"product-type-variable"},"_links":{"self":[{"href":"https:\/\/spiritara.com\/tr\/wp-json\/wp\/v2\/product\/5766","targetHints":{"allow":["GET"]}}],"collection":[{"href":"https:\/\/spiritara.com\/tr\/wp-json\/wp\/v2\/product"}],"about":[{"href":"https:\/\/spiritara.com\/tr\/wp-json\/wp\/v2\/types\/product"}],"replies":[{"embeddable":true,"href":"https:\/\/spiritara.com\/tr\/wp-json\/wp\/v2\/comments?post=5766"}],"version-history":[{"count":0,"href":"https:\/\/spiritara.com\/tr\/wp-json\/wp\/v2\/product\/5766\/revisions"}],"wp:featuredmedia":[{"embeddable":true,"href":"https:\/\/spiritara.com\/tr\/wp-json\/wp\/v2\/media\/5767"}],"wp:attachment":[{"href":"https:\/\/spiritara.com\/tr\/wp-json\/wp\/v2\/media?parent=5766"}],"wp:term":[{"taxonomy":"product_cat","embeddable":true,"href":"https:\/\/spiritara.com\/tr\/wp-json\/wp\/v2\/product_cat?post=5766"},{"taxonomy":"product_tag","embeddable":true,"href":"https:\/\/spiritara.com\/tr\/wp-json\/wp\/v2\/product_tag?post=5766"}],"curies":[{"name":"wp","href":"https:\/\/api.w.org\/{rel}","templated":true}]}}