{"id":5769,"date":"2025-10-08T03:26:34","date_gmt":"2025-10-08T00:26:34","guid":{"rendered":"https:\/\/spiritara.com\/shop\/lavanta-hidrosolu\/"},"modified":"2026-01-25T01:40:32","modified_gmt":"2026-01-24T22:40:32","slug":"lavanta-hidrosolu","status":"publish","type":"product","link":"https:\/\/spiritara.com\/tr\/shop\/lavanta-hidrosolu\/","title":{"rendered":"Lavanta Hidrosol\u00fc"},"content":{"rendered":"<p><b>Hassas ve tahri\u015f olmu\u015f ciltler i\u00e7in m\u00fckemmel, nazik ve yat\u0131\u015ft\u0131r\u0131c\u0131 bir \u00e7i\u00e7ek suyu.<\/b><\/p>\n<ul>\n<li><b>%100 Do\u011fal, 250 ml<\/b><\/li>\n<\/ul>\n<p>&nbsp;<\/p>\n<h3><\/h3>\n","protected":false},"excerpt":{"rendered":"<p><b>Faydalar:<\/b><\/p>\n<ul>\n<li>G\u00fcne\u015f yan\u0131\u011f\u0131 veya rozasea kaynakl\u0131 k\u0131zar\u0131kl\u0131\u011f\u0131 ve iltihab\u0131 yat\u0131\u015ft\u0131r\u0131r.<\/li>\n<li>Ya\u011fl\u0131 veya akneye yatk\u0131n ciltleri nemini kaybetmeden nazik\u00e7e dengeler.<\/li>\n<li>K\u00fc\u00e7\u00fck kesiklerin ve cilt tahri\u015flerinin iyile\u015fmesini destekler.<\/li>\n<li>T\u00fcm cilt tipleri i\u00e7in ferahlat\u0131c\u0131 ve nemlendirici bir sprey sa\u011flar.<\/li>\n<\/ul>\n","protected":false},"featured_media":5770,"comment_status":"open","ping_status":"closed","template":"","meta":[],"product_cat":[206],"product_tag":[],"class_list":{"0":"post-5769","1":"product","2":"type-product","3":"status-publish","4":"has-post-thumbnail","6":"product_cat-hidrosol","7":"pa_capacity-250-ml","8":"pa_capacity-120-ml","10":"first","11":"outofstock","12":"shipping-taxable","13":"purchasable","14":"product-type-variable"},"_links":{"self":[{"href":"https:\/\/spiritara.com\/tr\/wp-json\/wp\/v2\/product\/5769","targetHints":{"allow":["GET"]}}],"collection":[{"href":"https:\/\/spiritara.com\/tr\/wp-json\/wp\/v2\/product"}],"about":[{"href":"https:\/\/spiritara.com\/tr\/wp-json\/wp\/v2\/types\/product"}],"replies":[{"embeddable":true,"href":"https:\/\/spiritara.com\/tr\/wp-json\/wp\/v2\/comments?post=5769"}],"version-history":[{"count":1,"href":"https:\/\/spiritara.com\/tr\/wp-json\/wp\/v2\/product\/5769\/revisions"}],"predecessor-version":[{"id":6320,"href":"https:\/\/spiritara.com\/tr\/wp-json\/wp\/v2\/product\/5769\/revisions\/6320"}],"wp:featuredmedia":[{"embeddable":true,"href":"https:\/\/spiritara.com\/tr\/wp-json\/wp\/v2\/media\/5770"}],"wp:attachment":[{"href":"https:\/\/spiritara.com\/tr\/wp-json\/wp\/v2\/media?parent=5769"}],"wp:term":[{"taxonomy":"product_cat","embeddable":true,"href":"https:\/\/spiritara.com\/tr\/wp-json\/wp\/v2\/product_cat?post=5769"},{"taxonomy":"product_tag","embeddable":true,"href":"https:\/\/spiritara.com\/tr\/wp-json\/wp\/v2\/product_tag?post=5769"}],"curies":[{"name":"wp","href":"https:\/\/api.w.org\/{rel}","templated":true}]}}