{"id":5773,"date":"2025-10-08T03:24:37","date_gmt":"2025-10-08T00:24:37","guid":{"rendered":"https:\/\/spiritara.com\/shop\/chia-tohumu-yagi\/"},"modified":"2025-12-31T23:23:45","modified_gmt":"2025-12-31T20:23:45","slug":"chia-tohumu-yagi","status":"publish","type":"product","link":"https:\/\/spiritara.com\/tr\/shop\/chia-tohumu-yagi\/","title":{"rendered":"Chia Tohumu Ya\u011f\u0131"},"content":{"rendered":"<p><b>Dolgun ve \u0131\u015f\u0131lt\u0131l\u0131 bir cilt i\u00e7in omega-3 ya\u011f asitleriyle zenginle\u015ftirilmi\u015f g\u00fc\u00e7l\u00fc bir nemlendirici.<\/b><\/p>\n<ul>\n<li><b>%100 Do\u011fal, 100 ml<\/b><\/li>\n<\/ul>\n","protected":false},"excerpt":{"rendered":"<p><b>Faydalar:<\/b><\/p>\n<ul>\n<li>Ya\u011fl\u0131 bir his b\u0131rakmadan yo\u011fun nemlendirme sa\u011flamak i\u00e7in h\u0131zla emilir.<\/li>\n<li><b>Cilt bariyerini g\u00fc\u00e7lendirerek k\u0131zar\u0131kl\u0131\u011f\u0131 ve hassasiyeti azalt\u0131r.<\/b><\/li>\n<li>Serbest radikallere ve ya\u015flanmaya kar\u015f\u0131 koruma sa\u011flayan antioksidanlar a\u00e7\u0131s\u0131ndan zengindir.<\/li>\n<li>Helps <b>balance oily skin<\/b> by regulating sebum production.<\/li>\n<\/ul>\n","protected":false},"featured_media":5774,"comment_status":"open","ping_status":"closed","template":"","meta":[],"product_cat":[212],"product_tag":[],"class_list":{"0":"post-5773","1":"product","2":"type-product","3":"status-publish","4":"has-post-thumbnail","6":"product_cat-tasiyici-yaglar","7":"pa_capacity-100-ml","9":"first","10":"instock","11":"shipping-taxable","12":"purchasable","13":"product-type-variable"},"_links":{"self":[{"href":"https:\/\/spiritara.com\/tr\/wp-json\/wp\/v2\/product\/5773","targetHints":{"allow":["GET"]}}],"collection":[{"href":"https:\/\/spiritara.com\/tr\/wp-json\/wp\/v2\/product"}],"about":[{"href":"https:\/\/spiritara.com\/tr\/wp-json\/wp\/v2\/types\/product"}],"replies":[{"embeddable":true,"href":"https:\/\/spiritara.com\/tr\/wp-json\/wp\/v2\/comments?post=5773"}],"version-history":[{"count":0,"href":"https:\/\/spiritara.com\/tr\/wp-json\/wp\/v2\/product\/5773\/revisions"}],"wp:featuredmedia":[{"embeddable":true,"href":"https:\/\/spiritara.com\/tr\/wp-json\/wp\/v2\/media\/5774"}],"wp:attachment":[{"href":"https:\/\/spiritara.com\/tr\/wp-json\/wp\/v2\/media?parent=5773"}],"wp:term":[{"taxonomy":"product_cat","embeddable":true,"href":"https:\/\/spiritara.com\/tr\/wp-json\/wp\/v2\/product_cat?post=5773"},{"taxonomy":"product_tag","embeddable":true,"href":"https:\/\/spiritara.com\/tr\/wp-json\/wp\/v2\/product_tag?post=5773"}],"curies":[{"name":"wp","href":"https:\/\/api.w.org\/{rel}","templated":true}]}}