{"id":5776,"date":"2025-10-08T03:23:56","date_gmt":"2025-10-08T00:23:56","guid":{"rendered":"https:\/\/spiritara.com\/shop\/fistik-yagi\/"},"modified":"2025-12-31T23:29:39","modified_gmt":"2025-12-31T20:29:39","slug":"fistik-yagi","status":"publish","type":"product","link":"https:\/\/spiritara.com\/tr\/shop\/fistik-yagi\/","title":{"rendered":"F\u0131st\u0131k Ya\u011f\u0131"},"content":{"rendered":"<p><b>Etkileyici nemlendirici \u00f6zelliklere sahip, E vitamini a\u00e7\u0131s\u0131ndan zengin bir ya\u011f.<\/b><\/p>\n<ul>\n<li><b>%100 Do\u011fal, 100 ml<\/b><\/li>\n<\/ul>\n<p>&nbsp;<\/p>\n<h3><\/h3>\n","protected":false},"excerpt":{"rendered":"<p><b>Faydalar:<\/b><\/p>\n<ul>\n<li>P\u00fcr\u00fczl\u00fc ciltler i\u00e7in yo\u011fun nemlendirme sa\u011flar.<\/li>\n<li>\u00c7atlam\u0131\u015f cildi ve nas\u0131rlar\u0131 iyile\u015ftirmeye yard\u0131mc\u0131 olur.<\/li>\n<li>Antioksidan koruma i\u00e7in resveratrol i\u00e7erir.<\/li>\n<li>Cildin do\u011fal nem bariyerini korur.<\/li>\n<\/ul>\n","protected":false},"featured_media":5777,"comment_status":"open","ping_status":"closed","template":"","meta":[],"product_cat":[212],"product_tag":[],"class_list":{"0":"post-5776","1":"product","2":"type-product","3":"status-publish","4":"has-post-thumbnail","6":"product_cat-tasiyici-yaglar","7":"pa_capacity-100-ml","9":"first","10":"instock","11":"shipping-taxable","12":"purchasable","13":"product-type-variable"},"_links":{"self":[{"href":"https:\/\/spiritara.com\/tr\/wp-json\/wp\/v2\/product\/5776","targetHints":{"allow":["GET"]}}],"collection":[{"href":"https:\/\/spiritara.com\/tr\/wp-json\/wp\/v2\/product"}],"about":[{"href":"https:\/\/spiritara.com\/tr\/wp-json\/wp\/v2\/types\/product"}],"replies":[{"embeddable":true,"href":"https:\/\/spiritara.com\/tr\/wp-json\/wp\/v2\/comments?post=5776"}],"version-history":[{"count":0,"href":"https:\/\/spiritara.com\/tr\/wp-json\/wp\/v2\/product\/5776\/revisions"}],"wp:featuredmedia":[{"embeddable":true,"href":"https:\/\/spiritara.com\/tr\/wp-json\/wp\/v2\/media\/5777"}],"wp:attachment":[{"href":"https:\/\/spiritara.com\/tr\/wp-json\/wp\/v2\/media?parent=5776"}],"wp:term":[{"taxonomy":"product_cat","embeddable":true,"href":"https:\/\/spiritara.com\/tr\/wp-json\/wp\/v2\/product_cat?post=5776"},{"taxonomy":"product_tag","embeddable":true,"href":"https:\/\/spiritara.com\/tr\/wp-json\/wp\/v2\/product_tag?post=5776"}],"curies":[{"name":"wp","href":"https:\/\/api.w.org\/{rel}","templated":true}]}}