{"id":5779,"date":"2025-10-08T03:22:15","date_gmt":"2025-10-08T00:22:15","guid":{"rendered":"https:\/\/spiritara.com\/shop\/badem-yagi\/"},"modified":"2025-12-31T23:35:21","modified_gmt":"2025-12-31T20:35:21","slug":"badem-yagi","status":"publish","type":"product","link":"https:\/\/spiritara.com\/tr\/shop\/badem-yagi\/","title":{"rendered":"Badem ya\u011f\u0131"},"content":{"rendered":"<p><b>\u00c7ok y\u00f6nl\u00fcl\u00fc\u011f\u00fc ve nazik bak\u0131m\u0131 sayesinde sevilen, hafif bir klasik.<\/b><\/p>\n<ul>\n<li><b>%100 Do\u011fal, 100 ml<\/b><\/li>\n<\/ul>\n","protected":false},"excerpt":{"rendered":"<p><b>Faydalar:<\/b><\/p>\n<ul>\n<li>Cilt taraf\u0131ndan h\u0131zla emilerek cildi yumu\u015fat\u0131r ve p\u00fcr\u00fczs\u00fczle\u015ftirir.<\/li>\n<li>G\u00f6z alt\u0131 morluklar\u0131n\u0131n ve kurulu\u011fun g\u00f6r\u00fcn\u00fcm\u00fcn\u00fc azalt\u0131r.<\/li>\n<li>Tahri\u015fi yat\u0131\u015ft\u0131r\u0131r ve hassas cildi rahatlat\u0131r.<\/li>\n<li>Do\u011fal nem dengesini korur.<\/li>\n<\/ul>\n","protected":false},"featured_media":5780,"comment_status":"open","ping_status":"closed","template":"","meta":[],"product_cat":[212],"product_tag":[],"class_list":{"0":"post-5779","1":"product","2":"type-product","3":"status-publish","4":"has-post-thumbnail","6":"product_cat-tasiyici-yaglar","7":"pa_capacity-100-ml","9":"first","10":"instock","11":"shipping-taxable","12":"purchasable","13":"product-type-variable"},"_links":{"self":[{"href":"https:\/\/spiritara.com\/tr\/wp-json\/wp\/v2\/product\/5779","targetHints":{"allow":["GET"]}}],"collection":[{"href":"https:\/\/spiritara.com\/tr\/wp-json\/wp\/v2\/product"}],"about":[{"href":"https:\/\/spiritara.com\/tr\/wp-json\/wp\/v2\/types\/product"}],"replies":[{"embeddable":true,"href":"https:\/\/spiritara.com\/tr\/wp-json\/wp\/v2\/comments?post=5779"}],"version-history":[{"count":0,"href":"https:\/\/spiritara.com\/tr\/wp-json\/wp\/v2\/product\/5779\/revisions"}],"wp:featuredmedia":[{"embeddable":true,"href":"https:\/\/spiritara.com\/tr\/wp-json\/wp\/v2\/media\/5780"}],"wp:attachment":[{"href":"https:\/\/spiritara.com\/tr\/wp-json\/wp\/v2\/media?parent=5779"}],"wp:term":[{"taxonomy":"product_cat","embeddable":true,"href":"https:\/\/spiritara.com\/tr\/wp-json\/wp\/v2\/product_cat?post=5779"},{"taxonomy":"product_tag","embeddable":true,"href":"https:\/\/spiritara.com\/tr\/wp-json\/wp\/v2\/product_tag?post=5779"}],"curies":[{"name":"wp","href":"https:\/\/api.w.org\/{rel}","templated":true}]}}