{"id":5782,"date":"2025-10-08T03:23:04","date_gmt":"2025-10-08T00:23:04","guid":{"rendered":"https:\/\/spiritara.com\/shop\/kara-tohum-yagi\/"},"modified":"2025-12-31T23:32:02","modified_gmt":"2025-12-31T20:32:02","slug":"kara-tohum-yagi","status":"publish","type":"product","link":"https:\/\/spiritara.com\/tr\/shop\/kara-tohum-yagi\/","title":{"rendered":"Kara Tohum Ya\u011f\u0131"},"content":{"rendered":"<p><b>Derin iyile\u015ftirici ve koruyucu \u00f6zellikleriyle bilinen, g\u00fc\u00e7l\u00fc ve besleyici bir ya\u011f.<\/b><\/p>\n<ul>\n<li><b>%100 Do\u011fal, 100 ml<\/b><\/li>\n<\/ul>\n<p>&nbsp;<\/p>\n<h3><\/h3>\n","protected":false},"excerpt":{"rendered":"<p><b>Faydalar:<\/b><\/p>\n<ul>\n<li>Strong <b>anti-inflammatory<\/b> effects help soothe <b>eczema, psoriasis, and acne<\/b>.<\/li>\n<li>Cildin do\u011fal bariyerini g\u00fc\u00e7lendirerek nemi hapseder ve kurulu\u011fu \u00f6nler.<\/li>\n<li>Erken ya\u015flanmaya ve \u00e7evresel hasarlara kar\u015f\u0131 sava\u015fmak i\u00e7in antioksidanlar a\u00e7\u0131s\u0131ndan zengindir.<\/li>\n<li>D\u00fczenli kullan\u0131mda daha berrak ve e\u015fit tonlu bir cilt g\u00f6r\u00fcn\u00fcm\u00fc sa\u011flar.<\/li>\n<\/ul>\n","protected":false},"featured_media":5784,"comment_status":"open","ping_status":"closed","template":"","meta":[],"product_cat":[212],"product_tag":[],"class_list":{"0":"post-5782","1":"product","2":"type-product","3":"status-publish","4":"has-post-thumbnail","6":"product_cat-tasiyici-yaglar","7":"pa_capacity-100-ml","9":"first","10":"instock","11":"shipping-taxable","12":"purchasable","13":"product-type-variable"},"_links":{"self":[{"href":"https:\/\/spiritara.com\/tr\/wp-json\/wp\/v2\/product\/5782","targetHints":{"allow":["GET"]}}],"collection":[{"href":"https:\/\/spiritara.com\/tr\/wp-json\/wp\/v2\/product"}],"about":[{"href":"https:\/\/spiritara.com\/tr\/wp-json\/wp\/v2\/types\/product"}],"replies":[{"embeddable":true,"href":"https:\/\/spiritara.com\/tr\/wp-json\/wp\/v2\/comments?post=5782"}],"version-history":[{"count":0,"href":"https:\/\/spiritara.com\/tr\/wp-json\/wp\/v2\/product\/5782\/revisions"}],"wp:featuredmedia":[{"embeddable":true,"href":"https:\/\/spiritara.com\/tr\/wp-json\/wp\/v2\/media\/5784"}],"wp:attachment":[{"href":"https:\/\/spiritara.com\/tr\/wp-json\/wp\/v2\/media?parent=5782"}],"wp:term":[{"taxonomy":"product_cat","embeddable":true,"href":"https:\/\/spiritara.com\/tr\/wp-json\/wp\/v2\/product_cat?post=5782"},{"taxonomy":"product_tag","embeddable":true,"href":"https:\/\/spiritara.com\/tr\/wp-json\/wp\/v2\/product_tag?post=5782"}],"curies":[{"name":"wp","href":"https:\/\/api.w.org\/{rel}","templated":true}]}}