{"id":5786,"date":"2025-10-08T03:21:11","date_gmt":"2025-10-08T00:21:11","guid":{"rendered":"https:\/\/spiritara.com\/shop\/pekan-yagi\/"},"modified":"2025-12-31T23:39:19","modified_gmt":"2025-12-31T20:39:19","slug":"pekan-yagi","status":"publish","type":"product","link":"https:\/\/spiritara.com\/tr\/shop\/pekan-yagi\/","title":{"rendered":"Pekan Ya\u011f\u0131"},"content":{"rendered":"<p><b>Beslenmi\u015f ve gen\u00e7 g\u00f6r\u00fcn\u00fcml\u00fc bir cilt i\u00e7in l\u00fcks, antioksidan a\u00e7\u0131s\u0131ndan zengin bir ya\u011f.<\/b><\/p>\n<ul>\n<li><b>%100 Do\u011fal<\/b><\/li>\n<li><b>100 ml<\/b><\/li>\n<\/ul>\n","protected":false},"excerpt":{"rendered":"<p><b>Faydalar:<\/b><\/p>\n<ul>\n<li>Cildi derinlemesine nemlendirirken cilt elastikiyetini de art\u0131r\u0131r.<\/li>\n<li>Serbest radikal hasar\u0131yla m\u00fccadele etmek i\u00e7in A ve E vitaminleri a\u00e7\u0131s\u0131ndan zengindir.<\/li>\n<li>\u0130nce \u00e7izgilerin ve k\u0131r\u0131\u015f\u0131kl\u0131klar\u0131n g\u00f6r\u00fcn\u00fcm\u00fcn\u00fc azaltmaya yard\u0131mc\u0131 olur.<\/li>\n<li>Yumu\u015fat\u0131c\u0131 \u00f6zellikleri sayesinde kuru ve tahri\u015f olmu\u015f cildi yat\u0131\u015ft\u0131r\u0131r.<\/li>\n<\/ul>\n","protected":false},"featured_media":5787,"comment_status":"open","ping_status":"closed","template":"","meta":[],"product_cat":[212],"product_tag":[],"class_list":{"0":"post-5786","1":"product","2":"type-product","3":"status-publish","4":"has-post-thumbnail","6":"product_cat-tasiyici-yaglar","7":"pa_capacity-100-ml","9":"first","10":"instock","11":"shipping-taxable","12":"purchasable","13":"product-type-variable"},"_links":{"self":[{"href":"https:\/\/spiritara.com\/tr\/wp-json\/wp\/v2\/product\/5786","targetHints":{"allow":["GET"]}}],"collection":[{"href":"https:\/\/spiritara.com\/tr\/wp-json\/wp\/v2\/product"}],"about":[{"href":"https:\/\/spiritara.com\/tr\/wp-json\/wp\/v2\/types\/product"}],"replies":[{"embeddable":true,"href":"https:\/\/spiritara.com\/tr\/wp-json\/wp\/v2\/comments?post=5786"}],"version-history":[{"count":0,"href":"https:\/\/spiritara.com\/tr\/wp-json\/wp\/v2\/product\/5786\/revisions"}],"wp:featuredmedia":[{"embeddable":true,"href":"https:\/\/spiritara.com\/tr\/wp-json\/wp\/v2\/media\/5787"}],"wp:attachment":[{"href":"https:\/\/spiritara.com\/tr\/wp-json\/wp\/v2\/media?parent=5786"}],"wp:term":[{"taxonomy":"product_cat","embeddable":true,"href":"https:\/\/spiritara.com\/tr\/wp-json\/wp\/v2\/product_cat?post=5786"},{"taxonomy":"product_tag","embeddable":true,"href":"https:\/\/spiritara.com\/tr\/wp-json\/wp\/v2\/product_tag?post=5786"}],"curies":[{"name":"wp","href":"https:\/\/api.w.org\/{rel}","templated":true}]}}