{"id":5789,"date":"2025-10-08T03:20:25","date_gmt":"2025-10-08T00:20:25","guid":{"rendered":"https:\/\/spiritara.com\/shop\/makademi-findigi-yagi\/"},"modified":"2025-12-31T23:42:13","modified_gmt":"2025-12-31T20:42:13","slug":"makademi-findigi-yagi","status":"publish","type":"product","link":"https:\/\/spiritara.com\/tr\/shop\/makademi-findigi-yagi\/","title":{"rendered":"Makademi F\u0131nd\u0131\u011f\u0131 Ya\u011f\u0131"},"content":{"rendered":"<p><b>Olgun veya kuru ciltler i\u00e7in l\u00fcks, derinlemesine n\u00fcfuz eden bir ya\u011f.<\/b><\/p>\n<ul>\n<li><b>%100 Do\u011fal<\/b><\/li>\n<li><b>100 ml<\/b><\/li>\n<\/ul>\n","protected":false},"excerpt":{"rendered":"<p><b>Faydalar:<\/b><\/p>\n<ul>\n<li>Ya\u015flanan cildi yenilemek i\u00e7in palmitoleik asit a\u00e7\u0131s\u0131ndan zengindir.<\/li>\n<li>Esnekli\u011fi geri kazand\u0131r\u0131r ve ince \u00e7izgilerin g\u00f6r\u00fcn\u00fcm\u00fcn\u00fc azalt\u0131r.<\/li>\n<li>H\u0131zl\u0131ca emilirken uzun s\u00fcreli nemlendirme sa\u011flar.<\/li>\n<li>Tahri\u015fi yat\u0131\u015ft\u0131r\u0131r ve cilt bariyerini g\u00fc\u00e7lendirir.<\/li>\n<\/ul>\n","protected":false},"featured_media":5790,"comment_status":"open","ping_status":"closed","template":"","meta":[],"product_cat":[212],"product_tag":[],"class_list":{"0":"post-5789","1":"product","2":"type-product","3":"status-publish","4":"has-post-thumbnail","6":"product_cat-tasiyici-yaglar","7":"pa_capacity-100-ml","9":"first","10":"instock","11":"shipping-taxable","12":"purchasable","13":"product-type-variable"},"_links":{"self":[{"href":"https:\/\/spiritara.com\/tr\/wp-json\/wp\/v2\/product\/5789","targetHints":{"allow":["GET"]}}],"collection":[{"href":"https:\/\/spiritara.com\/tr\/wp-json\/wp\/v2\/product"}],"about":[{"href":"https:\/\/spiritara.com\/tr\/wp-json\/wp\/v2\/types\/product"}],"replies":[{"embeddable":true,"href":"https:\/\/spiritara.com\/tr\/wp-json\/wp\/v2\/comments?post=5789"}],"version-history":[{"count":0,"href":"https:\/\/spiritara.com\/tr\/wp-json\/wp\/v2\/product\/5789\/revisions"}],"wp:featuredmedia":[{"embeddable":true,"href":"https:\/\/spiritara.com\/tr\/wp-json\/wp\/v2\/media\/5790"}],"wp:attachment":[{"href":"https:\/\/spiritara.com\/tr\/wp-json\/wp\/v2\/media?parent=5789"}],"wp:term":[{"taxonomy":"product_cat","embeddable":true,"href":"https:\/\/spiritara.com\/tr\/wp-json\/wp\/v2\/product_cat?post=5789"},{"taxonomy":"product_tag","embeddable":true,"href":"https:\/\/spiritara.com\/tr\/wp-json\/wp\/v2\/product_tag?post=5789"}],"curies":[{"name":"wp","href":"https:\/\/api.w.org\/{rel}","templated":true}]}}