{"id":5791,"date":"2025-10-08T03:19:01","date_gmt":"2025-10-08T00:19:01","guid":{"rendered":"https:\/\/spiritara.com\/shop\/nane-esansiyel-yagi\/"},"modified":"2025-12-31T23:45:10","modified_gmt":"2025-12-31T20:45:10","slug":"nane-esansiyel-yagi","status":"publish","type":"product","link":"https:\/\/spiritara.com\/tr\/shop\/nane-esansiyel-yagi\/","title":{"rendered":"Nane Esansiyel Ya\u011f\u0131"},"content":{"rendered":"<p><b>Cildi serinleten, ferahlatan ve cans\u0131z cilde canl\u0131l\u0131k kazand\u0131ran canland\u0131r\u0131c\u0131 bir ya\u011f.<\/b><\/p>\n<ul>\n<li><b>%100 Do\u011fal<\/b><\/li>\n<li><b>15 ml<\/b><\/li>\n<\/ul>\n","protected":false},"excerpt":{"rendered":"<p><b>Faydalar:<\/b><\/p>\n<ul>\n<li>G\u00f6zenekleri derinlemesine temizleyerek sivilce olu\u015fumunu \u00f6nler.<\/li>\n<li>Tahri\u015fi yat\u0131\u015ft\u0131r\u0131r ve k\u0131zar\u0131kl\u0131\u011f\u0131 azalt\u0131r.<\/li>\n<li><b>Kan dola\u015f\u0131m\u0131n\u0131 h\u0131zland\u0131rarak cildin \u0131\u015f\u0131lt\u0131s\u0131n\u0131 art\u0131r\u0131r.<\/b><\/li>\n<li>G\u00fc\u00e7l\u00fc antioksidanlarla serbest radikallerle sava\u015f\u0131r.<\/li>\n<\/ul>\n","protected":false},"featured_media":5792,"comment_status":"open","ping_status":"closed","template":"","meta":[],"product_cat":[214],"product_tag":[],"class_list":{"0":"post-5791","1":"product","2":"type-product","3":"status-publish","4":"has-post-thumbnail","6":"product_cat-esansiyel-yaglar","7":"pa_capacity-15-ml","9":"first","10":"instock","11":"shipping-taxable","12":"purchasable","13":"product-type-variable"},"_links":{"self":[{"href":"https:\/\/spiritara.com\/tr\/wp-json\/wp\/v2\/product\/5791","targetHints":{"allow":["GET"]}}],"collection":[{"href":"https:\/\/spiritara.com\/tr\/wp-json\/wp\/v2\/product"}],"about":[{"href":"https:\/\/spiritara.com\/tr\/wp-json\/wp\/v2\/types\/product"}],"replies":[{"embeddable":true,"href":"https:\/\/spiritara.com\/tr\/wp-json\/wp\/v2\/comments?post=5791"}],"version-history":[{"count":0,"href":"https:\/\/spiritara.com\/tr\/wp-json\/wp\/v2\/product\/5791\/revisions"}],"wp:featuredmedia":[{"embeddable":true,"href":"https:\/\/spiritara.com\/tr\/wp-json\/wp\/v2\/media\/5792"}],"wp:attachment":[{"href":"https:\/\/spiritara.com\/tr\/wp-json\/wp\/v2\/media?parent=5791"}],"wp:term":[{"taxonomy":"product_cat","embeddable":true,"href":"https:\/\/spiritara.com\/tr\/wp-json\/wp\/v2\/product_cat?post=5791"},{"taxonomy":"product_tag","embeddable":true,"href":"https:\/\/spiritara.com\/tr\/wp-json\/wp\/v2\/product_tag?post=5791"}],"curies":[{"name":"wp","href":"https:\/\/api.w.org\/{rel}","templated":true}]}}