{"id":5794,"date":"2025-10-08T03:18:10","date_gmt":"2025-10-08T00:18:10","guid":{"rendered":"https:\/\/spiritara.com\/shop\/okaliptus-esansiyel-yagi\/"},"modified":"2025-12-31T23:50:14","modified_gmt":"2025-12-31T20:50:14","slug":"okaliptus-esansiyel-yagi","status":"publish","type":"product","link":"https:\/\/spiritara.com\/tr\/shop\/okaliptus-esansiyel-yagi\/","title":{"rendered":"Okalipt\u00fcs Esansiyel Ya\u011f\u0131"},"content":{"rendered":"<p><b>Canland\u0131r\u0131c\u0131 kokusu ve cildi ar\u0131nd\u0131r\u0131c\u0131 \u00f6zellikleriyle bilinen, ferahlat\u0131c\u0131 ve berrakla\u015ft\u0131r\u0131c\u0131 bir ya\u011f.<\/b><\/p>\n<ul>\n<li><b>%100 Do\u011fal<\/b><\/li>\n<li><b>15 ml<\/b><\/li>\n<\/ul>\n","protected":false},"excerpt":{"rendered":"<p><b>Faydalar:<\/b><\/p>\n<ul>\n<li>Ciltteki t\u0131kan\u0131kl\u0131klar\u0131 giderir ve g\u00f6zeneklerin k\u00fc\u00e7\u00fclmesine yard\u0131mc\u0131 olur.<\/li>\n<li>Tahri\u015fi yat\u0131\u015ft\u0131rmak i\u00e7in serinletici bir his sa\u011flar.<\/li>\n<li>Sivilceye yatk\u0131n ciltler i\u00e7in do\u011fal antiseptik \u00f6zellikler i\u00e7erir.<\/li>\n<li>Yorgun g\u00f6r\u00fcnen ciltlerin tazelenmesine yard\u0131mc\u0131 olur.<\/li>\n<\/ul>\n","protected":false},"featured_media":5796,"comment_status":"open","ping_status":"closed","template":"","meta":[],"product_cat":[214],"product_tag":[],"class_list":{"0":"post-5794","1":"product","2":"type-product","3":"status-publish","4":"has-post-thumbnail","6":"product_cat-esansiyel-yaglar","7":"pa_capacity-15-ml","9":"first","10":"instock","11":"shipping-taxable","12":"purchasable","13":"product-type-variable"},"_links":{"self":[{"href":"https:\/\/spiritara.com\/tr\/wp-json\/wp\/v2\/product\/5794","targetHints":{"allow":["GET"]}}],"collection":[{"href":"https:\/\/spiritara.com\/tr\/wp-json\/wp\/v2\/product"}],"about":[{"href":"https:\/\/spiritara.com\/tr\/wp-json\/wp\/v2\/types\/product"}],"replies":[{"embeddable":true,"href":"https:\/\/spiritara.com\/tr\/wp-json\/wp\/v2\/comments?post=5794"}],"version-history":[{"count":0,"href":"https:\/\/spiritara.com\/tr\/wp-json\/wp\/v2\/product\/5794\/revisions"}],"wp:featuredmedia":[{"embeddable":true,"href":"https:\/\/spiritara.com\/tr\/wp-json\/wp\/v2\/media\/5796"}],"wp:attachment":[{"href":"https:\/\/spiritara.com\/tr\/wp-json\/wp\/v2\/media?parent=5794"}],"wp:term":[{"taxonomy":"product_cat","embeddable":true,"href":"https:\/\/spiritara.com\/tr\/wp-json\/wp\/v2\/product_cat?post=5794"},{"taxonomy":"product_tag","embeddable":true,"href":"https:\/\/spiritara.com\/tr\/wp-json\/wp\/v2\/product_tag?post=5794"}],"curies":[{"name":"wp","href":"https:\/\/api.w.org\/{rel}","templated":true}]}}