{"id":5797,"date":"2025-10-08T03:17:02","date_gmt":"2025-10-08T00:17:02","guid":{"rendered":"https:\/\/spiritara.com\/shop\/selvi-esansiyel-yagi\/"},"modified":"2025-12-31T23:56:27","modified_gmt":"2025-12-31T20:56:27","slug":"selvi-esansiyel-yagi","status":"publish","type":"product","link":"https:\/\/spiritara.com\/tr\/shop\/selvi-esansiyel-yagi\/","title":{"rendered":"Selvi Esansiyel Ya\u011f\u0131"},"content":{"rendered":"<p><b>Cildi s\u0131k\u0131la\u015ft\u0131ran ve ar\u0131nd\u0131ran, ferahlat\u0131c\u0131 ve detoks etkili bir ya\u011f.<\/b><\/p>\n<ul>\n<li><b>%100 Do\u011fal<\/b><\/li>\n<li><b>15 ml<\/b><\/li>\n<\/ul>\n","protected":false},"excerpt":{"rendered":"<p><b>Faydalar:<\/b><\/p>\n<ul>\n<li>G\u00f6zenekleri s\u0131k\u0131la\u015ft\u0131r\u0131r ve cildi gerginle\u015ftirerek daha gen\u00e7 bir g\u00f6r\u00fcn\u00fcm sa\u011flar.<\/li>\n<li><b>Akne ve siyah noktalar\u0131 azaltmak i\u00e7in detoks etkisi g\u00f6sterir.<\/b><\/li>\n<li>Sa\u011fl\u0131kl\u0131 ve \u0131\u015f\u0131lt\u0131l\u0131 bir g\u00f6r\u00fcn\u00fcm i\u00e7in kan dola\u015f\u0131m\u0131n\u0131 iyile\u015ftirir.<\/li>\n<li>Fazla ya\u011f\u0131 kontrol ederek dengeli ve mat bir g\u00f6r\u00fcn\u00fcm sa\u011flar.<\/li>\n<\/ul>\n","protected":false},"featured_media":5798,"comment_status":"open","ping_status":"closed","template":"","meta":[],"product_cat":[214],"product_tag":[],"class_list":{"0":"post-5797","1":"product","2":"type-product","3":"status-publish","4":"has-post-thumbnail","6":"product_cat-esansiyel-yaglar","7":"pa_capacity-15-ml","9":"first","10":"instock","11":"shipping-taxable","12":"purchasable","13":"product-type-variable"},"_links":{"self":[{"href":"https:\/\/spiritara.com\/tr\/wp-json\/wp\/v2\/product\/5797","targetHints":{"allow":["GET"]}}],"collection":[{"href":"https:\/\/spiritara.com\/tr\/wp-json\/wp\/v2\/product"}],"about":[{"href":"https:\/\/spiritara.com\/tr\/wp-json\/wp\/v2\/types\/product"}],"replies":[{"embeddable":true,"href":"https:\/\/spiritara.com\/tr\/wp-json\/wp\/v2\/comments?post=5797"}],"version-history":[{"count":0,"href":"https:\/\/spiritara.com\/tr\/wp-json\/wp\/v2\/product\/5797\/revisions"}],"wp:featuredmedia":[{"embeddable":true,"href":"https:\/\/spiritara.com\/tr\/wp-json\/wp\/v2\/media\/5798"}],"wp:attachment":[{"href":"https:\/\/spiritara.com\/tr\/wp-json\/wp\/v2\/media?parent=5797"}],"wp:term":[{"taxonomy":"product_cat","embeddable":true,"href":"https:\/\/spiritara.com\/tr\/wp-json\/wp\/v2\/product_cat?post=5797"},{"taxonomy":"product_tag","embeddable":true,"href":"https:\/\/spiritara.com\/tr\/wp-json\/wp\/v2\/product_tag?post=5797"}],"curies":[{"name":"wp","href":"https:\/\/api.w.org\/{rel}","templated":true}]}}