{"id":5800,"date":"2025-10-08T03:16:17","date_gmt":"2025-10-08T00:16:17","guid":{"rendered":"https:\/\/spiritara.com\/shop\/sage-essential-oil\/"},"modified":"2026-01-01T12:49:59","modified_gmt":"2026-01-01T09:49:59","slug":"sage-essential-oil","status":"publish","type":"product","link":"https:\/\/spiritara.com\/tr\/shop\/sage-essential-oil\/","title":{"rendered":"Sage Essential Oil"},"content":{"rendered":"<p><b>Dengeleyici ve bitkisel bir ya\u011f olup, ar\u0131nd\u0131r\u0131c\u0131 ve yat\u0131\u015ft\u0131r\u0131c\u0131 etkileri nedeniyle olduk\u00e7a de\u011ferlidir.<\/b><\/p>\n<ul>\n<li><b>%100 Do\u011fal<\/b><\/li>\n<li><b>15 ml<\/b><\/li>\n<\/ul>\n","protected":false},"excerpt":{"rendered":"<p><b>Faydalar:<\/b><\/p>\n<ul>\n<li>A\u015f\u0131r\u0131 ya\u011f \u00fcretimini d\u00fczenlemeye yard\u0131mc\u0131 olur.<\/li>\n<li>K\u0131zar\u0131kl\u0131\u011f\u0131 ve tahri\u015fi yat\u0131\u015ft\u0131r\u0131r.<\/li>\n<li>Cildin do\u011fal yenilenme s\u00fcrecini destekler.<\/li>\n<li>Ya\u015flanma kar\u015f\u0131t\u0131 ama\u00e7larla antioksidan koruma sa\u011flar.<\/li>\n<\/ul>\n","protected":false},"featured_media":5801,"comment_status":"open","ping_status":"closed","template":"","meta":[],"product_cat":[214],"product_tag":[],"class_list":{"0":"post-5800","1":"product","2":"type-product","3":"status-publish","4":"has-post-thumbnail","6":"product_cat-esansiyel-yaglar","7":"pa_capacity-15-ml","9":"first","10":"instock","11":"shipping-taxable","12":"purchasable","13":"product-type-variable"},"_links":{"self":[{"href":"https:\/\/spiritara.com\/tr\/wp-json\/wp\/v2\/product\/5800","targetHints":{"allow":["GET"]}}],"collection":[{"href":"https:\/\/spiritara.com\/tr\/wp-json\/wp\/v2\/product"}],"about":[{"href":"https:\/\/spiritara.com\/tr\/wp-json\/wp\/v2\/types\/product"}],"replies":[{"embeddable":true,"href":"https:\/\/spiritara.com\/tr\/wp-json\/wp\/v2\/comments?post=5800"}],"version-history":[{"count":0,"href":"https:\/\/spiritara.com\/tr\/wp-json\/wp\/v2\/product\/5800\/revisions"}],"wp:featuredmedia":[{"embeddable":true,"href":"https:\/\/spiritara.com\/tr\/wp-json\/wp\/v2\/media\/5801"}],"wp:attachment":[{"href":"https:\/\/spiritara.com\/tr\/wp-json\/wp\/v2\/media?parent=5800"}],"wp:term":[{"taxonomy":"product_cat","embeddable":true,"href":"https:\/\/spiritara.com\/tr\/wp-json\/wp\/v2\/product_cat?post=5800"},{"taxonomy":"product_tag","embeddable":true,"href":"https:\/\/spiritara.com\/tr\/wp-json\/wp\/v2\/product_tag?post=5800"}],"curies":[{"name":"wp","href":"https:\/\/api.w.org\/{rel}","templated":true}]}}