{"id":5803,"date":"2025-10-08T03:14:15","date_gmt":"2025-10-08T00:14:15","guid":{"rendered":"https:\/\/spiritara.com\/shop\/su-teresi-tohumu-yagi\/"},"modified":"2026-01-01T12:54:13","modified_gmt":"2026-01-01T09:54:13","slug":"su-teresi-tohumu-yagi","status":"publish","type":"product","link":"https:\/\/spiritara.com\/tr\/shop\/su-teresi-tohumu-yagi\/","title":{"rendered":"Su teresi tohumu ya\u011f\u0131"},"content":{"rendered":"<p><b>Omega ya\u011f asitleri a\u00e7\u0131s\u0131ndan zengin, besleyici ve etkili bir ya\u011f.<\/b><\/p>\n<ul>\n<li><b>%100 Do\u011fal<\/b><\/li>\n<li><b>100 ml<\/b><\/li>\n<\/ul>\n","protected":false},"excerpt":{"rendered":"<p><b>Faydalar:<\/b><\/p>\n<ul>\n<li>Cans\u0131z cildi ayd\u0131nlat\u0131r ve cilt tonunu e\u015fitler.<\/li>\n<li>High in <b>erucic acid<\/b> to deeply condition dry patches.<\/li>\n<li>\u00c7evresel stres fakt\u00f6rlerine kar\u015f\u0131 koruma sa\u011flar.<\/li>\n<li>Hafif dokusu h\u0131zla emilir.<\/li>\n<\/ul>\n","protected":false},"featured_media":5804,"comment_status":"open","ping_status":"closed","template":"","meta":[],"product_cat":[212],"product_tag":[],"class_list":{"0":"post-5803","1":"product","2":"type-product","3":"status-publish","4":"has-post-thumbnail","6":"product_cat-tasiyici-yaglar","7":"pa_capacity-100-ml","9":"first","10":"instock","11":"shipping-taxable","12":"purchasable","13":"product-type-variable"},"_links":{"self":[{"href":"https:\/\/spiritara.com\/tr\/wp-json\/wp\/v2\/product\/5803","targetHints":{"allow":["GET"]}}],"collection":[{"href":"https:\/\/spiritara.com\/tr\/wp-json\/wp\/v2\/product"}],"about":[{"href":"https:\/\/spiritara.com\/tr\/wp-json\/wp\/v2\/types\/product"}],"replies":[{"embeddable":true,"href":"https:\/\/spiritara.com\/tr\/wp-json\/wp\/v2\/comments?post=5803"}],"version-history":[{"count":0,"href":"https:\/\/spiritara.com\/tr\/wp-json\/wp\/v2\/product\/5803\/revisions"}],"wp:featuredmedia":[{"embeddable":true,"href":"https:\/\/spiritara.com\/tr\/wp-json\/wp\/v2\/media\/5804"}],"wp:attachment":[{"href":"https:\/\/spiritara.com\/tr\/wp-json\/wp\/v2\/media?parent=5803"}],"wp:term":[{"taxonomy":"product_cat","embeddable":true,"href":"https:\/\/spiritara.com\/tr\/wp-json\/wp\/v2\/product_cat?post=5803"},{"taxonomy":"product_tag","embeddable":true,"href":"https:\/\/spiritara.com\/tr\/wp-json\/wp\/v2\/product_tag?post=5803"}],"curies":[{"name":"wp","href":"https:\/\/api.w.org\/{rel}","templated":true}]}}