{"id":5805,"date":"2025-10-08T03:10:00","date_gmt":"2025-10-08T00:10:00","guid":{"rendered":"https:\/\/spiritara.com\/shop\/soya-yagi\/"},"modified":"2026-01-01T12:59:34","modified_gmt":"2026-01-01T09:59:34","slug":"soya-yagi","status":"publish","type":"product","link":"https:\/\/spiritara.com\/tr\/shop\/soya-yagi\/","title":{"rendered":"Soya Ya\u011f\u0131"},"content":{"rendered":"<p><b>\u00c7o\u011fu cilt tipine uygun dengeli, \u00e7ok y\u00f6nl\u00fc bir ya\u011f.<\/b><\/p>\n<ul>\n<li><b>%100 Do\u011fal<\/b><\/li>\n<li><b>100 ml<\/b><\/li>\n<\/ul>\n","protected":false},"excerpt":{"rendered":"<p><b>Faydalar:<\/b><\/p>\n<ul>\n<li>K\u0131zar\u0131kl\u0131\u011f\u0131 azalt\u0131rken cildi yumu\u015fat\u0131r.<\/li>\n<li>Nem tutmay\u0131 art\u0131ran lesitin i\u00e7erir.<\/li>\n<li>Cildin do\u011fal pH dengesini korumaya yard\u0131mc\u0131 olur.<\/li>\n<li>Hassas ciltler i\u00e7in yeterince yumu\u015fak.<\/li>\n<\/ul>\n","protected":false},"featured_media":5806,"comment_status":"open","ping_status":"closed","template":"","meta":[],"product_cat":[212],"product_tag":[],"class_list":{"0":"post-5805","1":"product","2":"type-product","3":"status-publish","4":"has-post-thumbnail","6":"product_cat-tasiyici-yaglar","7":"pa_capacity-100-ml","9":"first","10":"outofstock","11":"shipping-taxable","12":"product-type-variable"},"_links":{"self":[{"href":"https:\/\/spiritara.com\/tr\/wp-json\/wp\/v2\/product\/5805","targetHints":{"allow":["GET"]}}],"collection":[{"href":"https:\/\/spiritara.com\/tr\/wp-json\/wp\/v2\/product"}],"about":[{"href":"https:\/\/spiritara.com\/tr\/wp-json\/wp\/v2\/types\/product"}],"replies":[{"embeddable":true,"href":"https:\/\/spiritara.com\/tr\/wp-json\/wp\/v2\/comments?post=5805"}],"version-history":[{"count":0,"href":"https:\/\/spiritara.com\/tr\/wp-json\/wp\/v2\/product\/5805\/revisions"}],"wp:featuredmedia":[{"embeddable":true,"href":"https:\/\/spiritara.com\/tr\/wp-json\/wp\/v2\/media\/5806"}],"wp:attachment":[{"href":"https:\/\/spiritara.com\/tr\/wp-json\/wp\/v2\/media?parent=5805"}],"wp:term":[{"taxonomy":"product_cat","embeddable":true,"href":"https:\/\/spiritara.com\/tr\/wp-json\/wp\/v2\/product_cat?post=5805"},{"taxonomy":"product_tag","embeddable":true,"href":"https:\/\/spiritara.com\/tr\/wp-json\/wp\/v2\/product_tag?post=5805"}],"curies":[{"name":"wp","href":"https:\/\/api.w.org\/{rel}","templated":true}]}}