{"id":5808,"date":"2025-10-08T03:08:59","date_gmt":"2025-10-08T00:08:59","guid":{"rendered":"https:\/\/spiritara.com\/shop\/moringa-yagi\/"},"modified":"2026-01-01T13:02:43","modified_gmt":"2026-01-01T10:02:43","slug":"moringa-yagi","status":"publish","type":"product","link":"https:\/\/spiritara.com\/tr\/shop\/moringa-yagi\/","title":{"rendered":"Moringa Ya\u011f\u0131"},"content":{"rendered":"<p><b>Canland\u0131r\u0131lm\u0131\u015f ciltler i\u00e7in g\u00fc\u00e7l\u00fc, antioksidan bak\u0131m\u0131ndan zengin bir ya\u011f.<\/b><\/p>\n<ul>\n<li><b>%100 Do\u011fal<\/b><\/li>\n<li><b>100 ml<\/b><\/li>\n<\/ul>\n","protected":false},"excerpt":{"rendered":"<p><b>Faydalar:<\/b><\/p>\n<ul>\n<li>T\u0131kal\u0131 g\u00f6zenekleri temizler ve ar\u0131nd\u0131r\u0131r.<\/li>\n<li>C vitamini ile ya\u015flanma belirtileriyle sava\u015f\u0131r.<\/li>\n<li>Ya\u011fl\u0131 kal\u0131nt\u0131 b\u0131rakmadan nemlendirir.<\/li>\n<li>\u0130ltihab\u0131 ve tahri\u015fi yat\u0131\u015ft\u0131r\u0131r.<\/li>\n<\/ul>\n","protected":false},"featured_media":5809,"comment_status":"open","ping_status":"closed","template":"","meta":[],"product_cat":[212],"product_tag":[],"class_list":{"0":"post-5808","1":"product","2":"type-product","3":"status-publish","4":"has-post-thumbnail","6":"product_cat-tasiyici-yaglar","7":"pa_capacity-100-ml","9":"first","10":"instock","11":"shipping-taxable","12":"purchasable","13":"product-type-variable"},"_links":{"self":[{"href":"https:\/\/spiritara.com\/tr\/wp-json\/wp\/v2\/product\/5808","targetHints":{"allow":["GET"]}}],"collection":[{"href":"https:\/\/spiritara.com\/tr\/wp-json\/wp\/v2\/product"}],"about":[{"href":"https:\/\/spiritara.com\/tr\/wp-json\/wp\/v2\/types\/product"}],"replies":[{"embeddable":true,"href":"https:\/\/spiritara.com\/tr\/wp-json\/wp\/v2\/comments?post=5808"}],"version-history":[{"count":0,"href":"https:\/\/spiritara.com\/tr\/wp-json\/wp\/v2\/product\/5808\/revisions"}],"wp:featuredmedia":[{"embeddable":true,"href":"https:\/\/spiritara.com\/tr\/wp-json\/wp\/v2\/media\/5809"}],"wp:attachment":[{"href":"https:\/\/spiritara.com\/tr\/wp-json\/wp\/v2\/media?parent=5808"}],"wp:term":[{"taxonomy":"product_cat","embeddable":true,"href":"https:\/\/spiritara.com\/tr\/wp-json\/wp\/v2\/product_cat?post=5808"},{"taxonomy":"product_tag","embeddable":true,"href":"https:\/\/spiritara.com\/tr\/wp-json\/wp\/v2\/product_tag?post=5808"}],"curies":[{"name":"wp","href":"https:\/\/api.w.org\/{rel}","templated":true}]}}