{"id":5811,"date":"2025-10-08T03:07:34","date_gmt":"2025-10-08T00:07:34","guid":{"rendered":"https:\/\/spiritara.com\/shop\/bahce-tereotu-tohumu-yagi\/"},"modified":"2026-01-01T13:05:46","modified_gmt":"2026-01-01T10:05:46","slug":"bahce-tereotu-tohumu-yagi","status":"publish","type":"product","link":"https:\/\/spiritara.com\/tr\/shop\/bahce-tereotu-tohumu-yagi\/","title":{"rendered":"Bah\u00e7e Tereotu Tohumu Ya\u011f\u0131"},"content":{"rendered":"<p><b>Cilt yenileyici \u00f6zellikleriyle dikkat \u00e7eken nadir bir ya\u011f.<\/b><\/p>\n<ul>\n<li><b>%100 Do\u011fal<\/b><\/li>\n<li><b>100 ml<\/b><\/li>\n<\/ul>\n","protected":false},"excerpt":{"rendered":"<p><b>Faydalar:<\/b><\/p>\n<ul>\n<li>Daha s\u0131k\u0131 ve dolgun bir cilt i\u00e7in kolajen \u00fcretimini uyar\u0131r.<\/li>\n<li>Tahri\u015fi yat\u0131\u015ft\u0131rmak i\u00e7in alfa-linolenik asit a\u00e7\u0131s\u0131ndan zengindir.<\/li>\n<li>Cilt elastikiyetini art\u0131r\u0131r ve ince k\u0131r\u0131\u015f\u0131kl\u0131klar\u0131 azalt\u0131r.<\/li>\n<li>Provides <b>antioxidant protection<\/b>.<\/li>\n<\/ul>\n","protected":false},"featured_media":5812,"comment_status":"open","ping_status":"closed","template":"","meta":[],"product_cat":[212],"product_tag":[],"class_list":{"0":"post-5811","1":"product","2":"type-product","3":"status-publish","4":"has-post-thumbnail","6":"product_cat-tasiyici-yaglar","7":"pa_capacity-100-ml","9":"first","10":"instock","11":"shipping-taxable","12":"purchasable","13":"product-type-variable"},"_links":{"self":[{"href":"https:\/\/spiritara.com\/tr\/wp-json\/wp\/v2\/product\/5811","targetHints":{"allow":["GET"]}}],"collection":[{"href":"https:\/\/spiritara.com\/tr\/wp-json\/wp\/v2\/product"}],"about":[{"href":"https:\/\/spiritara.com\/tr\/wp-json\/wp\/v2\/types\/product"}],"replies":[{"embeddable":true,"href":"https:\/\/spiritara.com\/tr\/wp-json\/wp\/v2\/comments?post=5811"}],"version-history":[{"count":0,"href":"https:\/\/spiritara.com\/tr\/wp-json\/wp\/v2\/product\/5811\/revisions"}],"wp:featuredmedia":[{"embeddable":true,"href":"https:\/\/spiritara.com\/tr\/wp-json\/wp\/v2\/media\/5812"}],"wp:attachment":[{"href":"https:\/\/spiritara.com\/tr\/wp-json\/wp\/v2\/media?parent=5811"}],"wp:term":[{"taxonomy":"product_cat","embeddable":true,"href":"https:\/\/spiritara.com\/tr\/wp-json\/wp\/v2\/product_cat?post=5811"},{"taxonomy":"product_tag","embeddable":true,"href":"https:\/\/spiritara.com\/tr\/wp-json\/wp\/v2\/product_tag?post=5811"}],"curies":[{"name":"wp","href":"https:\/\/api.w.org\/{rel}","templated":true}]}}