{"id":5813,"date":"2025-10-08T03:06:37","date_gmt":"2025-10-08T00:06:37","guid":{"rendered":"https:\/\/spiritara.com\/shop\/aycicek-yagi\/"},"modified":"2026-01-01T13:09:02","modified_gmt":"2026-01-01T10:09:02","slug":"aycicek-yagi","status":"publish","type":"product","link":"https:\/\/spiritara.com\/tr\/shop\/aycicek-yagi\/","title":{"rendered":"Ay\u00e7i\u00e7ek Ya\u011f\u0131"},"content":{"rendered":"<p><b>Hafif yap\u0131s\u0131 ve \u00e7ok y\u00f6nl\u00fc kullan\u0131m\u0131yla g\u00fcnl\u00fck cilt bak\u0131m\u0131 i\u00e7in ideal bir ya\u011f.<\/b><\/p>\n<ul>\n<li><b>%100 Do\u011fal<\/b><\/li>\n<li><b>100 ml<\/b><\/li>\n<\/ul>\n","protected":false},"excerpt":{"rendered":"<p><b>Faydalar:<\/b><\/p>\n<ul>\n<li>Cildin nem bariyerini g\u00fc\u00e7lendirmek i\u00e7in y\u00fcksek oranda linoleik asit i\u00e7erir.<\/li>\n<li>\u0130ltihab\u0131 yat\u0131\u015ft\u0131r\u0131r ve hassas cilt rahats\u0131zl\u0131klar\u0131n\u0131 hafifletir.<\/li>\n<li><b>G\u00f6zenekleri t\u0131kamayan form\u00fcl\u00fc, akneye e\u011filimli ciltler i\u00e7in idealdir.<\/b><\/li>\n<li>Antioksidan E vitamini ile \u00e7evresel hasarlara kar\u015f\u0131 koruma sa\u011flar.<\/li>\n<\/ul>\n","protected":false},"featured_media":5814,"comment_status":"open","ping_status":"closed","template":"","meta":[],"product_cat":[212],"product_tag":[],"class_list":{"0":"post-5813","1":"product","2":"type-product","3":"status-publish","4":"has-post-thumbnail","6":"product_cat-tasiyici-yaglar","7":"pa_capacity-100-ml","9":"first","10":"instock","11":"shipping-taxable","12":"purchasable","13":"product-type-variable"},"_links":{"self":[{"href":"https:\/\/spiritara.com\/tr\/wp-json\/wp\/v2\/product\/5813","targetHints":{"allow":["GET"]}}],"collection":[{"href":"https:\/\/spiritara.com\/tr\/wp-json\/wp\/v2\/product"}],"about":[{"href":"https:\/\/spiritara.com\/tr\/wp-json\/wp\/v2\/types\/product"}],"replies":[{"embeddable":true,"href":"https:\/\/spiritara.com\/tr\/wp-json\/wp\/v2\/comments?post=5813"}],"version-history":[{"count":0,"href":"https:\/\/spiritara.com\/tr\/wp-json\/wp\/v2\/product\/5813\/revisions"}],"wp:featuredmedia":[{"embeddable":true,"href":"https:\/\/spiritara.com\/tr\/wp-json\/wp\/v2\/media\/5814"}],"wp:attachment":[{"href":"https:\/\/spiritara.com\/tr\/wp-json\/wp\/v2\/media?parent=5813"}],"wp:term":[{"taxonomy":"product_cat","embeddable":true,"href":"https:\/\/spiritara.com\/tr\/wp-json\/wp\/v2\/product_cat?post=5813"},{"taxonomy":"product_tag","embeddable":true,"href":"https:\/\/spiritara.com\/tr\/wp-json\/wp\/v2\/product_tag?post=5813"}],"curies":[{"name":"wp","href":"https:\/\/api.w.org\/{rel}","templated":true}]}}