{"id":5815,"date":"2025-10-08T03:04:28","date_gmt":"2025-10-08T00:04:28","guid":{"rendered":"https:\/\/spiritara.com\/shop\/gunluk-esansiyel-yagi\/"},"modified":"2026-01-01T13:13:01","modified_gmt":"2026-01-01T10:13:01","slug":"gunluk-esansiyel-yagi","status":"publish","type":"product","link":"https:\/\/spiritara.com\/tr\/shop\/gunluk-esansiyel-yagi\/","title":{"rendered":"G\u00fcnl\u00fck Esansiyel Ya\u011f\u0131"},"content":{"rendered":"<p><b>Ya\u015flanma kar\u015f\u0131t\u0131, \u0131\u015f\u0131lt\u0131l\u0131 bir cilt sa\u011flayan l\u00fcks ve gen\u00e7le\u015ftirici bir ya\u011f.<\/b><\/p>\n<ul>\n<li><b>%100 Do\u011fal<\/b><\/li>\n<li><b>50 ml<\/b><\/li>\n<\/ul>\n","protected":false},"excerpt":{"rendered":"<p><b>Faydalar:<\/b><\/p>\n<ul>\n<li>Cildi s\u0131k\u0131la\u015ft\u0131rmak ve dolgunla\u015ft\u0131rmak i\u00e7in kolajen \u00fcretimini art\u0131r\u0131r.<\/li>\n<li>Yara izlerini, k\u0131r\u0131\u015f\u0131kl\u0131klar\u0131 ve ya\u015flanma belirtilerini azalt\u0131r.<\/li>\n<li>Kuru veya p\u00fcr\u00fczl\u00fc b\u00f6lgeleri derinlemesine nemlendirir.<\/li>\n<li>\u00c7evresel hasarlardan kaynaklanan cilt hasar\u0131n\u0131n iyile\u015fmesine yard\u0131mc\u0131 olur.<\/li>\n<\/ul>\n","protected":false},"featured_media":5816,"comment_status":"open","ping_status":"closed","template":"","meta":[],"product_cat":[214],"product_tag":[],"class_list":{"0":"post-5815","1":"product","2":"type-product","3":"status-publish","4":"has-post-thumbnail","6":"product_cat-esansiyel-yaglar","7":"pa_capacity-50-ml-howjari","8":"pa_capacity-50-ml-howjari-yesil-kraliyet","10":"first","11":"instock","12":"shipping-taxable","13":"purchasable","14":"product-type-variable"},"_links":{"self":[{"href":"https:\/\/spiritara.com\/tr\/wp-json\/wp\/v2\/product\/5815","targetHints":{"allow":["GET"]}}],"collection":[{"href":"https:\/\/spiritara.com\/tr\/wp-json\/wp\/v2\/product"}],"about":[{"href":"https:\/\/spiritara.com\/tr\/wp-json\/wp\/v2\/types\/product"}],"replies":[{"embeddable":true,"href":"https:\/\/spiritara.com\/tr\/wp-json\/wp\/v2\/comments?post=5815"}],"version-history":[{"count":0,"href":"https:\/\/spiritara.com\/tr\/wp-json\/wp\/v2\/product\/5815\/revisions"}],"wp:featuredmedia":[{"embeddable":true,"href":"https:\/\/spiritara.com\/tr\/wp-json\/wp\/v2\/media\/5816"}],"wp:attachment":[{"href":"https:\/\/spiritara.com\/tr\/wp-json\/wp\/v2\/media?parent=5815"}],"wp:term":[{"taxonomy":"product_cat","embeddable":true,"href":"https:\/\/spiritara.com\/tr\/wp-json\/wp\/v2\/product_cat?post=5815"},{"taxonomy":"product_tag","embeddable":true,"href":"https:\/\/spiritara.com\/tr\/wp-json\/wp\/v2\/product_tag?post=5815"}],"curies":[{"name":"wp","href":"https:\/\/api.w.org\/{rel}","templated":true}]}}