{"id":5817,"date":"2025-10-08T03:03:05","date_gmt":"2025-10-08T00:03:05","guid":{"rendered":"https:\/\/spiritara.com\/shop\/kabak-cekirdegi-yagi\/"},"modified":"2026-01-01T13:22:47","modified_gmt":"2026-01-01T10:22:47","slug":"kabak-cekirdegi-yagi","status":"publish","type":"product","link":"https:\/\/spiritara.com\/tr\/shop\/kabak-cekirdegi-yagi\/","title":{"rendered":"Kabak \u00c7ekirde\u011fi Ya\u011f\u0131"},"content":{"rendered":"<p><b>Donuk cildi ayd\u0131nlatmak ve canland\u0131rmak i\u00e7in vitaminlerle dolu bir ya\u011f.<\/b><\/p>\n<ul>\n<li><b>%100 Do\u011fal<\/b><\/li>\n<li><b>100 ml<\/b><\/li>\n<\/ul>\n","protected":false},"excerpt":{"rendered":"<p><b>Faydalar:<\/b><\/p>\n<ul>\n<li>High in <b>zinc<\/b> to control <b>acne and balance oily skin<\/b>.<\/li>\n<li>H\u00fccre yenilenmesini destekleyerek daha taze ve \u0131\u015f\u0131lt\u0131l\u0131 bir g\u00f6r\u00fcn\u00fcm sa\u011flar.<\/li>\n<li>Cildi beslemek ve yumu\u015fatmak i\u00e7in ya\u011f asitleri a\u00e7\u0131s\u0131ndan zengindir.<\/li>\n<li>Koyu lekelerin solmas\u0131na ve cilt tonunun e\u015fitlenmesine yard\u0131mc\u0131 olur.<\/li>\n<\/ul>\n","protected":false},"featured_media":5818,"comment_status":"open","ping_status":"closed","template":"","meta":[],"product_cat":[212],"product_tag":[],"class_list":{"0":"post-5817","1":"product","2":"type-product","3":"status-publish","4":"has-post-thumbnail","6":"product_cat-tasiyici-yaglar","7":"pa_capacity-100-ml","9":"first","10":"instock","11":"shipping-taxable","12":"purchasable","13":"product-type-variable"},"_links":{"self":[{"href":"https:\/\/spiritara.com\/tr\/wp-json\/wp\/v2\/product\/5817","targetHints":{"allow":["GET"]}}],"collection":[{"href":"https:\/\/spiritara.com\/tr\/wp-json\/wp\/v2\/product"}],"about":[{"href":"https:\/\/spiritara.com\/tr\/wp-json\/wp\/v2\/types\/product"}],"replies":[{"embeddable":true,"href":"https:\/\/spiritara.com\/tr\/wp-json\/wp\/v2\/comments?post=5817"}],"version-history":[{"count":0,"href":"https:\/\/spiritara.com\/tr\/wp-json\/wp\/v2\/product\/5817\/revisions"}],"wp:featuredmedia":[{"embeddable":true,"href":"https:\/\/spiritara.com\/tr\/wp-json\/wp\/v2\/media\/5818"}],"wp:attachment":[{"href":"https:\/\/spiritara.com\/tr\/wp-json\/wp\/v2\/media?parent=5817"}],"wp:term":[{"taxonomy":"product_cat","embeddable":true,"href":"https:\/\/spiritara.com\/tr\/wp-json\/wp\/v2\/product_cat?post=5817"},{"taxonomy":"product_tag","embeddable":true,"href":"https:\/\/spiritara.com\/tr\/wp-json\/wp\/v2\/product_tag?post=5817"}],"curies":[{"name":"wp","href":"https:\/\/api.w.org\/{rel}","templated":true}]}}