{"id":5819,"date":"2025-10-08T03:01:32","date_gmt":"2025-10-08T00:01:32","guid":{"rendered":"https:\/\/spiritara.com\/shop\/kayisi-cekirdegi-yagi\/"},"modified":"2026-01-01T21:18:57","modified_gmt":"2026-01-01T18:18:57","slug":"kayisi-cekirdegi-yagi","status":"publish","type":"product","link":"https:\/\/spiritara.com\/tr\/shop\/kayisi-cekirdegi-yagi\/","title":{"rendered":"Kay\u0131s\u0131 \u00c7ekirde\u011fi Ya\u011f\u0131"},"content":{"rendered":"<p><b>Hassas ve narin cilt tipleri i\u00e7in m\u00fckemmel, narin bir ya\u011f.<\/b><\/p>\n<ul>\n<li><b>%100 Do\u011fal<\/b><\/li>\n<li><b>100 ml<\/b><\/li>\n<\/ul>\n","protected":false},"excerpt":{"rendered":"<p><b>Faydalar:<\/b><\/p>\n<ul>\n<li>Y\u00fcz nemlendirmesi i\u00e7in ideal, hafif doku.<\/li>\n<li>Donuk cilt tonunu canland\u0131rmaya ve yenilemeye yard\u0131mc\u0131 olur.<\/li>\n<li><b>Egzama ve dermatit ataklar\u0131n\u0131 yat\u0131\u015ft\u0131r\u0131r.<\/b><\/li>\n<li>G\u00f6zenekleri t\u0131kamadan nem kayb\u0131n\u0131 \u00f6nler.<\/li>\n<\/ul>\n","protected":false},"featured_media":5820,"comment_status":"open","ping_status":"closed","template":"","meta":[],"product_cat":[212],"product_tag":[],"class_list":{"0":"post-5819","1":"product","2":"type-product","3":"status-publish","4":"has-post-thumbnail","6":"product_cat-tasiyici-yaglar","7":"pa_capacity-100-ml","9":"first","10":"instock","11":"shipping-taxable","12":"purchasable","13":"product-type-variable"},"_links":{"self":[{"href":"https:\/\/spiritara.com\/tr\/wp-json\/wp\/v2\/product\/5819","targetHints":{"allow":["GET"]}}],"collection":[{"href":"https:\/\/spiritara.com\/tr\/wp-json\/wp\/v2\/product"}],"about":[{"href":"https:\/\/spiritara.com\/tr\/wp-json\/wp\/v2\/types\/product"}],"replies":[{"embeddable":true,"href":"https:\/\/spiritara.com\/tr\/wp-json\/wp\/v2\/comments?post=5819"}],"version-history":[{"count":0,"href":"https:\/\/spiritara.com\/tr\/wp-json\/wp\/v2\/product\/5819\/revisions"}],"wp:featuredmedia":[{"embeddable":true,"href":"https:\/\/spiritara.com\/tr\/wp-json\/wp\/v2\/media\/5820"}],"wp:attachment":[{"href":"https:\/\/spiritara.com\/tr\/wp-json\/wp\/v2\/media?parent=5819"}],"wp:term":[{"taxonomy":"product_cat","embeddable":true,"href":"https:\/\/spiritara.com\/tr\/wp-json\/wp\/v2\/product_cat?post=5819"},{"taxonomy":"product_tag","embeddable":true,"href":"https:\/\/spiritara.com\/tr\/wp-json\/wp\/v2\/product_tag?post=5819"}],"curies":[{"name":"wp","href":"https:\/\/api.w.org\/{rel}","templated":true}]}}