{"id":5821,"date":"2025-10-08T03:00:11","date_gmt":"2025-10-08T00:00:11","guid":{"rendered":"https:\/\/spiritara.com\/shop\/avokado-yagi\/"},"modified":"2026-01-01T23:26:51","modified_gmt":"2026-01-01T20:26:51","slug":"avokado-yagi","status":"publish","type":"product","link":"https:\/\/spiritara.com\/tr\/shop\/avokado-yagi\/","title":{"rendered":"Avokado Ya\u011f\u0131"},"content":{"rendered":"<p><b>Yo\u011fun nemlendirme ve onar\u0131m i\u00e7in besleyici de\u011feri y\u00fcksek bir ya\u011f.<\/b><\/p>\n<ul>\n<li><b>%100 Do\u011fal<\/b><\/li>\n<li><b>100 ml<\/b><\/li>\n<\/ul>\n","protected":false},"excerpt":{"rendered":"<p><b>Faydalar:<\/b><\/p>\n<ul>\n<li>Kuru ve olgun ciltleri beslemek i\u00e7in derinlemesine n\u00fcfuz eder.<\/li>\n<li>Elastikiyet i\u00e7in kolajen \u00fcretimini art\u0131r\u0131r.<\/li>\n<li>G\u00fcne\u015fin verdi\u011fi zarar\u0131 yat\u0131\u015ft\u0131r\u0131r ve k\u0131zar\u0131kl\u0131\u011f\u0131 azalt\u0131r.<\/li>\n<li>A, D ve E vitaminleri a\u00e7\u0131s\u0131ndan zengindir.<\/li>\n<\/ul>\n","protected":false},"featured_media":5822,"comment_status":"open","ping_status":"closed","template":"","meta":[],"product_cat":[212],"product_tag":[],"class_list":{"0":"post-5821","1":"product","2":"type-product","3":"status-publish","4":"has-post-thumbnail","6":"product_cat-tasiyici-yaglar","7":"pa_capacity-100-ml","9":"first","10":"outofstock","11":"shipping-taxable","12":"product-type-variable"},"_links":{"self":[{"href":"https:\/\/spiritara.com\/tr\/wp-json\/wp\/v2\/product\/5821","targetHints":{"allow":["GET"]}}],"collection":[{"href":"https:\/\/spiritara.com\/tr\/wp-json\/wp\/v2\/product"}],"about":[{"href":"https:\/\/spiritara.com\/tr\/wp-json\/wp\/v2\/types\/product"}],"replies":[{"embeddable":true,"href":"https:\/\/spiritara.com\/tr\/wp-json\/wp\/v2\/comments?post=5821"}],"version-history":[{"count":0,"href":"https:\/\/spiritara.com\/tr\/wp-json\/wp\/v2\/product\/5821\/revisions"}],"wp:featuredmedia":[{"embeddable":true,"href":"https:\/\/spiritara.com\/tr\/wp-json\/wp\/v2\/media\/5822"}],"wp:attachment":[{"href":"https:\/\/spiritara.com\/tr\/wp-json\/wp\/v2\/media?parent=5821"}],"wp:term":[{"taxonomy":"product_cat","embeddable":true,"href":"https:\/\/spiritara.com\/tr\/wp-json\/wp\/v2\/product_cat?post=5821"},{"taxonomy":"product_tag","embeddable":true,"href":"https:\/\/spiritara.com\/tr\/wp-json\/wp\/v2\/product_tag?post=5821"}],"curies":[{"name":"wp","href":"https:\/\/api.w.org\/{rel}","templated":true}]}}