{"id":5825,"date":"2025-10-08T02:58:41","date_gmt":"2025-10-07T23:58:41","guid":{"rendered":"https:\/\/spiritara.com\/shop\/akpi-yagi\/"},"modified":"2026-01-01T23:30:57","modified_gmt":"2026-01-01T20:30:57","slug":"akpi-yagi","status":"publish","type":"product","link":"https:\/\/spiritara.com\/tr\/shop\/akpi-yagi\/","title":{"rendered":"Akpi Ya\u011f\u0131"},"content":{"rendered":"<p><b>Bat\u0131 Afrika&#8217;ya \u00f6zg\u00fc, cildi besleyici ola\u011fan\u00fcst\u00fc \u00f6zellikleriyle bilinen bir m\u00fccevher.<\/b><\/p>\n<ul>\n<li><b>%100 Do\u011fal<\/b><\/li>\n<li><b>100 ml<\/b><\/li>\n<\/ul>\n","protected":false},"excerpt":{"rendered":"<p><b>Faydalar:<\/b><\/p>\n<ul>\n<li>Cildi derinlemesine nemlendirirken cilt elastikiyetini de art\u0131r\u0131r.<\/li>\n<li>\u0130ltihab\u0131 ve cilt tahri\u015flerini yat\u0131\u015ft\u0131rmaya yard\u0131mc\u0131 olur.<\/li>\n<li>Cilt bariyerini g\u00fc\u00e7lendirmek i\u00e7in ya\u011f asitleri a\u00e7\u0131s\u0131ndan zengindir.<\/li>\n<li>Cildin yumu\u015fak ve p\u00fcr\u00fczs\u00fcz olmas\u0131n\u0131 sa\u011flar.<\/li>\n<\/ul>\n","protected":false},"featured_media":5795,"comment_status":"open","ping_status":"closed","template":"","meta":[],"product_cat":[212],"product_tag":[],"class_list":{"0":"post-5825","1":"product","2":"type-product","3":"status-publish","4":"has-post-thumbnail","6":"product_cat-tasiyici-yaglar","7":"pa_capacity-100-ml","9":"first","10":"instock","11":"shipping-taxable","12":"purchasable","13":"product-type-variable"},"_links":{"self":[{"href":"https:\/\/spiritara.com\/tr\/wp-json\/wp\/v2\/product\/5825","targetHints":{"allow":["GET"]}}],"collection":[{"href":"https:\/\/spiritara.com\/tr\/wp-json\/wp\/v2\/product"}],"about":[{"href":"https:\/\/spiritara.com\/tr\/wp-json\/wp\/v2\/types\/product"}],"replies":[{"embeddable":true,"href":"https:\/\/spiritara.com\/tr\/wp-json\/wp\/v2\/comments?post=5825"}],"version-history":[{"count":0,"href":"https:\/\/spiritara.com\/tr\/wp-json\/wp\/v2\/product\/5825\/revisions"}],"wp:featuredmedia":[{"embeddable":true,"href":"https:\/\/spiritara.com\/tr\/wp-json\/wp\/v2\/media\/5795"}],"wp:attachment":[{"href":"https:\/\/spiritara.com\/tr\/wp-json\/wp\/v2\/media?parent=5825"}],"wp:term":[{"taxonomy":"product_cat","embeddable":true,"href":"https:\/\/spiritara.com\/tr\/wp-json\/wp\/v2\/product_cat?post=5825"},{"taxonomy":"product_tag","embeddable":true,"href":"https:\/\/spiritara.com\/tr\/wp-json\/wp\/v2\/product_tag?post=5825"}],"curies":[{"name":"wp","href":"https:\/\/api.w.org\/{rel}","templated":true}]}}