{"id":5827,"date":"2025-10-08T02:57:43","date_gmt":"2025-10-07T23:57:43","guid":{"rendered":"https:\/\/spiritara.com\/shop\/hindistan-cevizi-ucucu-yagi\/"},"modified":"2026-01-01T23:34:22","modified_gmt":"2026-01-01T20:34:22","slug":"hindistan-cevizi-ucucu-yagi","status":"publish","type":"product","link":"https:\/\/spiritara.com\/tr\/shop\/hindistan-cevizi-ucucu-yagi\/","title":{"rendered":"Hindistan cevizi u\u00e7ucu ya\u011f\u0131"},"content":{"rendered":"<p><b>Cildi ayd\u0131nlatan ve cilt tonunu e\u015fitleyen, \u0131s\u0131t\u0131c\u0131 ve peeling etkili bir ya\u011f.<\/b><\/p>\n<ul>\n<li><b>%100 Do\u011fal<\/b><\/li>\n<li><b>15 ml<\/b><\/li>\n<\/ul>\n","protected":false},"excerpt":{"rendered":"<p><b>Faydalar:<\/b><\/p>\n<ul>\n<li>\u00d6l\u00fc deri h\u00fccrelerini nazik\u00e7e temizleyerek daha p\u00fcr\u00fczs\u00fcz bir cilt dokusu sa\u011flar.<\/li>\n<li>Koyu lekeleri ve hiperpigmentasyonu azalt\u0131r.<\/li>\n<li>Antioksidan a\u00e7\u0131s\u0131ndan zengin \u00f6zellikleri sayesinde ince k\u0131r\u0131\u015f\u0131kl\u0131klar\u0131 azalt\u0131r.<\/li>\n<li>Kan dola\u015f\u0131m\u0131n\u0131 art\u0131rarak do\u011fal ve sa\u011fl\u0131kl\u0131 bir \u0131\u015f\u0131lt\u0131 sa\u011flar.<\/li>\n<\/ul>\n","protected":false},"featured_media":5828,"comment_status":"open","ping_status":"closed","template":"","meta":[],"product_cat":[214],"product_tag":[],"class_list":{"0":"post-5827","1":"product","2":"type-product","3":"status-publish","4":"has-post-thumbnail","6":"product_cat-esansiyel-yaglar","7":"pa_capacity-15-ml","9":"first","10":"instock","11":"shipping-taxable","12":"purchasable","13":"product-type-variable"},"_links":{"self":[{"href":"https:\/\/spiritara.com\/tr\/wp-json\/wp\/v2\/product\/5827","targetHints":{"allow":["GET"]}}],"collection":[{"href":"https:\/\/spiritara.com\/tr\/wp-json\/wp\/v2\/product"}],"about":[{"href":"https:\/\/spiritara.com\/tr\/wp-json\/wp\/v2\/types\/product"}],"replies":[{"embeddable":true,"href":"https:\/\/spiritara.com\/tr\/wp-json\/wp\/v2\/comments?post=5827"}],"version-history":[{"count":0,"href":"https:\/\/spiritara.com\/tr\/wp-json\/wp\/v2\/product\/5827\/revisions"}],"wp:featuredmedia":[{"embeddable":true,"href":"https:\/\/spiritara.com\/tr\/wp-json\/wp\/v2\/media\/5828"}],"wp:attachment":[{"href":"https:\/\/spiritara.com\/tr\/wp-json\/wp\/v2\/media?parent=5827"}],"wp:term":[{"taxonomy":"product_cat","embeddable":true,"href":"https:\/\/spiritara.com\/tr\/wp-json\/wp\/v2\/product_cat?post=5827"},{"taxonomy":"product_tag","embeddable":true,"href":"https:\/\/spiritara.com\/tr\/wp-json\/wp\/v2\/product_tag?post=5827"}],"curies":[{"name":"wp","href":"https:\/\/api.w.org\/{rel}","templated":true}]}}