{"id":5829,"date":"2025-10-08T02:56:25","date_gmt":"2025-10-07T23:56:25","guid":{"rendered":"https:\/\/spiritara.com\/shop\/susam-yagi\/"},"modified":"2026-01-01T23:37:10","modified_gmt":"2026-01-01T20:37:10","slug":"susam-yagi","status":"publish","type":"product","link":"https:\/\/spiritara.com\/tr\/shop\/susam-yagi\/","title":{"rendered":"Susam Ya\u011f\u0131"},"content":{"rendered":"<p><b>Cildi beslerken g\u00fcnl\u00fck stres fakt\u00f6rlerinden koruyan, kadim bir \u015fifa ya\u011f\u0131.<\/b><\/p>\n<ul>\n<li><b>%100 Do\u011fal<\/b><\/li>\n<li><b>100 ml<\/b><\/li>\n<\/ul>\n","protected":false},"excerpt":{"rendered":"<p><b>Faydalar:<\/b><\/p>\n<ul>\n<li>Cildi g\u00fcne\u015fin zararl\u0131 etkilerinden korumak i\u00e7in do\u011fal olarak SPF \u00f6zellikleri i\u00e7erir.<\/li>\n<li>G\u00f6zenekleri t\u0131kamadan derinlemesine n\u00fcfuz ederek nemlendirir.<\/li>\n<li>G\u00fc\u00e7l\u00fc antibakteriyel \u00f6zellikleri, sivilceye neden olan bakterilerle m\u00fccadeleye yard\u0131mc\u0131 olur.<\/li>\n<li>Cilt elastikiyetini art\u0131rmak ve ya\u015flanmayla m\u00fccadele etmek i\u00e7in E vitamini a\u00e7\u0131s\u0131ndan zengindir.<\/li>\n<\/ul>\n","protected":false},"featured_media":5830,"comment_status":"open","ping_status":"closed","template":"","meta":[],"product_cat":[212],"product_tag":[],"class_list":{"0":"post-5829","1":"product","2":"type-product","3":"status-publish","4":"has-post-thumbnail","6":"product_cat-tasiyici-yaglar","7":"pa_capacity-100-ml","9":"first","10":"instock","11":"shipping-taxable","12":"purchasable","13":"product-type-variable"},"_links":{"self":[{"href":"https:\/\/spiritara.com\/tr\/wp-json\/wp\/v2\/product\/5829","targetHints":{"allow":["GET"]}}],"collection":[{"href":"https:\/\/spiritara.com\/tr\/wp-json\/wp\/v2\/product"}],"about":[{"href":"https:\/\/spiritara.com\/tr\/wp-json\/wp\/v2\/types\/product"}],"replies":[{"embeddable":true,"href":"https:\/\/spiritara.com\/tr\/wp-json\/wp\/v2\/comments?post=5829"}],"version-history":[{"count":0,"href":"https:\/\/spiritara.com\/tr\/wp-json\/wp\/v2\/product\/5829\/revisions"}],"wp:featuredmedia":[{"embeddable":true,"href":"https:\/\/spiritara.com\/tr\/wp-json\/wp\/v2\/media\/5830"}],"wp:attachment":[{"href":"https:\/\/spiritara.com\/tr\/wp-json\/wp\/v2\/media?parent=5829"}],"wp:term":[{"taxonomy":"product_cat","embeddable":true,"href":"https:\/\/spiritara.com\/tr\/wp-json\/wp\/v2\/product_cat?post=5829"},{"taxonomy":"product_tag","embeddable":true,"href":"https:\/\/spiritara.com\/tr\/wp-json\/wp\/v2\/product_tag?post=5829"}],"curies":[{"name":"wp","href":"https:\/\/api.w.org\/{rel}","templated":true}]}}