{"id":5833,"date":"2025-10-08T02:53:48","date_gmt":"2025-10-07T23:53:48","guid":{"rendered":"https:\/\/spiritara.com\/shop\/ceviz-yagi\/"},"modified":"2026-01-01T23:39:17","modified_gmt":"2026-01-01T20:39:17","slug":"ceviz-yagi","status":"publish","type":"product","link":"https:\/\/spiritara.com\/tr\/shop\/ceviz-yagi\/","title":{"rendered":"Ceviz Ya\u011f\u0131"},"content":{"rendered":"<p><b>I\u015f\u0131lt\u0131l\u0131 ve gen\u00e7 g\u00f6r\u00fcn\u00fcml\u00fc bir cilt i\u00e7in l\u00fcks, besleyici de\u011feri y\u00fcksek bir ya\u011f.<\/b><\/p>\n<ul>\n<li><b>%100 Do\u011fal<\/b><\/li>\n<li><b>100 ml<\/b><\/li>\n<\/ul>\n","protected":false},"excerpt":{"rendered":"<p><b>Faydalar:<\/b><\/p>\n<ul>\n<li>\u0130ltihab\u0131 ve k\u0131zar\u0131kl\u0131\u011f\u0131 azaltmak i\u00e7in omega-3 a\u00e7\u0131s\u0131ndan zengindir.<\/li>\n<li>Cilt elastikiyetini art\u0131r\u0131r ve ince k\u0131r\u0131\u015f\u0131kl\u0131klar\u0131 azalt\u0131r.<\/li>\n<li>Cilt tonunu e\u015fitlemeye ve cildi ayd\u0131nlatmaya yard\u0131mc\u0131 olur.<\/li>\n<li>Derinlemesine nemlendirirken ipeksi, ya\u011fs\u0131z bir his b\u0131rak\u0131r.<\/li>\n<\/ul>\n","protected":false},"featured_media":5834,"comment_status":"open","ping_status":"closed","template":"","meta":[],"product_cat":[212],"product_tag":[],"class_list":{"0":"post-5833","1":"product","2":"type-product","3":"status-publish","4":"has-post-thumbnail","6":"product_cat-tasiyici-yaglar","7":"pa_capacity-100-ml","9":"first","10":"instock","11":"shipping-taxable","12":"purchasable","13":"product-type-variable"},"_links":{"self":[{"href":"https:\/\/spiritara.com\/tr\/wp-json\/wp\/v2\/product\/5833","targetHints":{"allow":["GET"]}}],"collection":[{"href":"https:\/\/spiritara.com\/tr\/wp-json\/wp\/v2\/product"}],"about":[{"href":"https:\/\/spiritara.com\/tr\/wp-json\/wp\/v2\/types\/product"}],"replies":[{"embeddable":true,"href":"https:\/\/spiritara.com\/tr\/wp-json\/wp\/v2\/comments?post=5833"}],"version-history":[{"count":0,"href":"https:\/\/spiritara.com\/tr\/wp-json\/wp\/v2\/product\/5833\/revisions"}],"wp:featuredmedia":[{"embeddable":true,"href":"https:\/\/spiritara.com\/tr\/wp-json\/wp\/v2\/media\/5834"}],"wp:attachment":[{"href":"https:\/\/spiritara.com\/tr\/wp-json\/wp\/v2\/media?parent=5833"}],"wp:term":[{"taxonomy":"product_cat","embeddable":true,"href":"https:\/\/spiritara.com\/tr\/wp-json\/wp\/v2\/product_cat?post=5833"},{"taxonomy":"product_tag","embeddable":true,"href":"https:\/\/spiritara.com\/tr\/wp-json\/wp\/v2\/product_tag?post=5833"}],"curies":[{"name":"wp","href":"https:\/\/api.w.org\/{rel}","templated":true}]}}