{"id":5836,"date":"2025-10-08T02:52:49","date_gmt":"2025-10-07T23:52:49","guid":{"rendered":"https:\/\/spiritara.com\/shop\/antep-fistigi-yagi\/"},"modified":"2026-01-01T23:43:40","modified_gmt":"2026-01-01T20:43:40","slug":"antep-fistigi-yagi","status":"publish","type":"product","link":"https:\/\/spiritara.com\/tr\/shop\/antep-fistigi-yagi\/","title":{"rendered":"Antep f\u0131st\u0131\u011f\u0131 ya\u011f\u0131"},"content":{"rendered":"<p><b>I\u015f\u0131lt\u0131l\u0131 bir cilt i\u00e7in nadir bulunan, besleyici de\u011feri y\u00fcksek bir ya\u011f.<\/b><\/p>\n<ul>\n<li><b>%100 Do\u011fal<\/b><\/li>\n<li><b>100 ml<\/b><\/li>\n<\/ul>\n","protected":false},"excerpt":{"rendered":"<p><b>Faydalar:<\/b><\/p>\n<ul>\n<li><b>Solgun ve yorgun ciltleri canland\u0131r\u0131r.<\/b><\/li>\n<li>Tahri\u015fi yat\u0131\u015ft\u0131rmak i\u00e7in fitosteroller a\u00e7\u0131s\u0131ndan zengindir.<\/li>\n<li>Cilt dokusunu ve tonunu iyile\u015ftirir.<\/li>\n<li>Hafif ama derinlemesine besleyici.<\/li>\n<\/ul>\n","protected":false},"featured_media":5837,"comment_status":"open","ping_status":"closed","template":"","meta":[],"product_cat":[212],"product_tag":[],"class_list":{"0":"post-5836","1":"product","2":"type-product","3":"status-publish","4":"has-post-thumbnail","6":"product_cat-tasiyici-yaglar","7":"pa_capacity-100-ml","9":"first","10":"instock","11":"shipping-taxable","12":"purchasable","13":"product-type-variable"},"_links":{"self":[{"href":"https:\/\/spiritara.com\/tr\/wp-json\/wp\/v2\/product\/5836","targetHints":{"allow":["GET"]}}],"collection":[{"href":"https:\/\/spiritara.com\/tr\/wp-json\/wp\/v2\/product"}],"about":[{"href":"https:\/\/spiritara.com\/tr\/wp-json\/wp\/v2\/types\/product"}],"replies":[{"embeddable":true,"href":"https:\/\/spiritara.com\/tr\/wp-json\/wp\/v2\/comments?post=5836"}],"version-history":[{"count":0,"href":"https:\/\/spiritara.com\/tr\/wp-json\/wp\/v2\/product\/5836\/revisions"}],"wp:featuredmedia":[{"embeddable":true,"href":"https:\/\/spiritara.com\/tr\/wp-json\/wp\/v2\/media\/5837"}],"wp:attachment":[{"href":"https:\/\/spiritara.com\/tr\/wp-json\/wp\/v2\/media?parent=5836"}],"wp:term":[{"taxonomy":"product_cat","embeddable":true,"href":"https:\/\/spiritara.com\/tr\/wp-json\/wp\/v2\/product_cat?post=5836"},{"taxonomy":"product_tag","embeddable":true,"href":"https:\/\/spiritara.com\/tr\/wp-json\/wp\/v2\/product_tag?post=5836"}],"curies":[{"name":"wp","href":"https:\/\/api.w.org\/{rel}","templated":true}]}}