{"id":5838,"date":"2025-10-08T02:50:28","date_gmt":"2025-10-07T23:50:28","guid":{"rendered":"https:\/\/spiritara.com\/shop\/jojoba-yagi\/"},"modified":"2026-01-01T23:46:23","modified_gmt":"2026-01-01T20:46:23","slug":"jojoba-yagi","status":"publish","type":"product","link":"https:\/\/spiritara.com\/tr\/shop\/jojoba-yagi\/","title":{"rendered":"Jojoba Ya\u011f\u0131"},"content":{"rendered":"<p><b>Cildin do\u011fal sebumuna en yak\u0131n bitkisel i\u00e7erik sayesinde dengeli beslenme sa\u011flar.<\/b><\/p>\n<ul>\n<li><b>%100 Do\u011fal<\/b><\/li>\n<li><b>100 ml<\/b><\/li>\n<\/ul>\n","protected":false},"excerpt":{"rendered":"<p><b>Faydalar:<\/b><\/p>\n<ul>\n<li>Hem kuru hem de ya\u011fl\u0131 cilt tipleri i\u00e7in ya\u011f \u00fcretimini d\u00fczenler.<\/li>\n<li>Mimics skin&#8217;s lipids to strengthen moisture barrier.<\/li>\n<li><b>G\u00f6zenekleri t\u0131kamayan ve akneye e\u011filimli ciltler i\u00e7in ideal.<\/b><\/li>\n<li>\u0130ltihab\u0131 yat\u0131\u015ft\u0131r\u0131r ve k\u0131zar\u0131kl\u0131\u011f\u0131 azalt\u0131r.<\/li>\n<\/ul>\n","protected":false},"featured_media":5839,"comment_status":"open","ping_status":"closed","template":"","meta":[],"product_cat":[212],"product_tag":[],"class_list":{"0":"post-5838","1":"product","2":"type-product","3":"status-publish","4":"has-post-thumbnail","6":"product_cat-tasiyici-yaglar","7":"pa_capacity-100-ml","9":"first","10":"instock","11":"shipping-taxable","12":"purchasable","13":"product-type-variable"},"_links":{"self":[{"href":"https:\/\/spiritara.com\/tr\/wp-json\/wp\/v2\/product\/5838","targetHints":{"allow":["GET"]}}],"collection":[{"href":"https:\/\/spiritara.com\/tr\/wp-json\/wp\/v2\/product"}],"about":[{"href":"https:\/\/spiritara.com\/tr\/wp-json\/wp\/v2\/types\/product"}],"replies":[{"embeddable":true,"href":"https:\/\/spiritara.com\/tr\/wp-json\/wp\/v2\/comments?post=5838"}],"version-history":[{"count":0,"href":"https:\/\/spiritara.com\/tr\/wp-json\/wp\/v2\/product\/5838\/revisions"}],"wp:featuredmedia":[{"embeddable":true,"href":"https:\/\/spiritara.com\/tr\/wp-json\/wp\/v2\/media\/5839"}],"wp:attachment":[{"href":"https:\/\/spiritara.com\/tr\/wp-json\/wp\/v2\/media?parent=5838"}],"wp:term":[{"taxonomy":"product_cat","embeddable":true,"href":"https:\/\/spiritara.com\/tr\/wp-json\/wp\/v2\/product_cat?post=5838"},{"taxonomy":"product_tag","embeddable":true,"href":"https:\/\/spiritara.com\/tr\/wp-json\/wp\/v2\/product_tag?post=5838"}],"curies":[{"name":"wp","href":"https:\/\/api.w.org\/{rel}","templated":true}]}}