{"id":5840,"date":"2025-10-08T02:49:12","date_gmt":"2025-10-07T23:49:12","guid":{"rendered":"https:\/\/spiritara.com\/shop\/brezilya-findigi-yagi\/"},"modified":"2026-01-01T23:49:51","modified_gmt":"2026-01-01T20:49:51","slug":"brezilya-findigi-yagi","status":"publish","type":"product","link":"https:\/\/spiritara.com\/tr\/shop\/brezilya-findigi-yagi\/","title":{"rendered":"Brezilya F\u0131nd\u0131\u011f\u0131 Ya\u011f\u0131"},"content":{"rendered":"<p><b>Selenyum ve omega ya\u011f asitleri a\u00e7\u0131s\u0131ndan zengin, l\u00fcks bir ya\u011f.<\/b><\/p>\n<ul>\n<li><b>%100 Do\u011fal<\/b><\/li>\n<li><b>100 ml<\/b><\/li>\n<\/ul>\n","protected":false},"excerpt":{"rendered":"<p><b>Faydalar:<\/b><\/p>\n<ul>\n<li>A\u015f\u0131r\u0131 kuru cildi derinlemesine besler ve onar\u0131r.<\/li>\n<li>Cilt elastikiyetini ve s\u0131k\u0131l\u0131\u011f\u0131n\u0131 art\u0131r\u0131r.<\/li>\n<li>\u00c7evresel stres fakt\u00f6rlerine kar\u015f\u0131 koruma sa\u011flar.<\/li>\n<li>Cildin \u0131\u015f\u0131l \u0131\u015f\u0131l, sa\u011fl\u0131kl\u0131 g\u00f6r\u00fcnmesini sa\u011flar.<\/li>\n<\/ul>\n","protected":false},"featured_media":5841,"comment_status":"open","ping_status":"closed","template":"","meta":[],"product_cat":[212],"product_tag":[],"class_list":{"0":"post-5840","1":"product","2":"type-product","3":"status-publish","4":"has-post-thumbnail","6":"product_cat-tasiyici-yaglar","7":"pa_capacity-100-ml","9":"first","10":"instock","11":"shipping-taxable","12":"purchasable","13":"product-type-variable"},"_links":{"self":[{"href":"https:\/\/spiritara.com\/tr\/wp-json\/wp\/v2\/product\/5840","targetHints":{"allow":["GET"]}}],"collection":[{"href":"https:\/\/spiritara.com\/tr\/wp-json\/wp\/v2\/product"}],"about":[{"href":"https:\/\/spiritara.com\/tr\/wp-json\/wp\/v2\/types\/product"}],"replies":[{"embeddable":true,"href":"https:\/\/spiritara.com\/tr\/wp-json\/wp\/v2\/comments?post=5840"}],"version-history":[{"count":0,"href":"https:\/\/spiritara.com\/tr\/wp-json\/wp\/v2\/product\/5840\/revisions"}],"wp:featuredmedia":[{"embeddable":true,"href":"https:\/\/spiritara.com\/tr\/wp-json\/wp\/v2\/media\/5841"}],"wp:attachment":[{"href":"https:\/\/spiritara.com\/tr\/wp-json\/wp\/v2\/media?parent=5840"}],"wp:term":[{"taxonomy":"product_cat","embeddable":true,"href":"https:\/\/spiritara.com\/tr\/wp-json\/wp\/v2\/product_cat?post=5840"},{"taxonomy":"product_tag","embeddable":true,"href":"https:\/\/spiritara.com\/tr\/wp-json\/wp\/v2\/product_tag?post=5840"}],"curies":[{"name":"wp","href":"https:\/\/api.w.org\/{rel}","templated":true}]}}